{"id":2976,"date":"2023-04-17T23:32:23","date_gmt":"2023-04-17T22:32:23","guid":{"rendered":"https:\/\/betagrading.com\/?page_id=2976"},"modified":"2023-04-29T22:30:30","modified_gmt":"2023-04-29T21:30:30","slug":"acuerdo-de-servicio","status":"publish","type":"page","link":"https:\/\/betagrading.com\/es_es\/acuerdo-de-servicio\/","title":{"rendered":"Acuerdo de servicio"},"content":{"rendered":"\t\t<div data-elementor-type=\"wp-page\" data-elementor-id=\"2976\" class=\"elementor elementor-2976\" data-elementor-post-type=\"page\">\n\t\t\t\t\t\t<section class=\"elementor-section elementor-top-section elementor-element elementor-element-ff27638 elementor-section-boxed elementor-section-height-default elementor-section-height-default\" data-id=\"ff27638\" data-element_type=\"section\">\n\t\t\t\t\t\t<div class=\"elementor-container elementor-column-gap-default\">\n\t\t\t\t\t<div class=\"elementor-column elementor-col-33 elementor-top-column elementor-element elementor-element-3e6e349\" data-id=\"3e6e349\" data-element_type=\"column\">\n\t\t\t<div class=\"elementor-widget-wrap\">\n\t\t\t\t\t\t\t<\/div>\n\t\t<\/div>\n\t\t\t\t<div class=\"elementor-column elementor-col-33 elementor-top-column elementor-element elementor-element-5786932\" data-id=\"5786932\" data-element_type=\"column\">\n\t\t\t<div class=\"elementor-widget-wrap elementor-element-populated\">\n\t\t\t\t\t\t<div class=\"elementor-element elementor-element-47271a5 elementor-widget elementor-widget-heading\" data-id=\"47271a5\" data-element_type=\"widget\" data-widget_type=\"heading.default\">\n\t\t\t\t<div class=\"elementor-widget-container\">\n\t\t\t<style>\/*! elementor - v3.23.0 - 23-07-2024 *\/\n.elementor-heading-title{padding:0;margin:0;line-height:1}.elementor-widget-heading .elementor-heading-title[class*=elementor-size-]>a{color:inherit;font-size:inherit;line-height:inherit}.elementor-widget-heading .elementor-heading-title.elementor-size-small{font-size:15px}.elementor-widget-heading .elementor-heading-title.elementor-size-medium{font-size:19px}.elementor-widget-heading .elementor-heading-title.elementor-size-large{font-size:29px}.elementor-widget-heading .elementor-heading-title.elementor-size-xl{font-size:39px}.elementor-widget-heading .elementor-heading-title.elementor-size-xxl{font-size:59px}<\/style><h2 class=\"elementor-heading-title elementor-size-default\">ACUERDO DE SERVICIO<\/h2>\t\t<\/div>\n\t\t\t\t<\/div>\n\t\t\t\t\t<\/div>\n\t\t<\/div>\n\t\t\t\t<div class=\"elementor-column elementor-col-33 elementor-top-column elementor-element elementor-element-c5ca03a\" data-id=\"c5ca03a\" data-element_type=\"column\">\n\t\t\t<div class=\"elementor-widget-wrap\">\n\t\t\t\t\t\t\t<\/div>\n\t\t<\/div>\n\t\t\t\t\t<\/div>\n\t\t<\/section>\n\t\t\t\t<section class=\"elementor-section elementor-top-section elementor-element elementor-element-5966274 elementor-section-boxed elementor-section-height-default elementor-section-height-default\" data-id=\"5966274\" data-element_type=\"section\">\n\t\t\t\t\t\t<div class=\"elementor-container elementor-column-gap-default\">\n\t\t\t\t\t<div class=\"elementor-column elementor-col-33 elementor-top-column elementor-element elementor-element-40ecba4\" data-id=\"40ecba4\" data-element_type=\"column\">\n\t\t\t<div class=\"elementor-widget-wrap\">\n\t\t\t\t\t\t\t<\/div>\n\t\t<\/div>\n\t\t\t\t<div class=\"elementor-column elementor-col-33 elementor-top-column elementor-element elementor-element-65a186f\" data-id=\"65a186f\" data-element_type=\"column\">\n\t\t\t<div class=\"elementor-widget-wrap elementor-element-populated\">\n\t\t\t\t\t\t<div class=\"elementor-element elementor-element-21c25a0 elementor-widget elementor-widget-text-editor\" data-id=\"21c25a0\" data-element_type=\"widget\" data-widget_type=\"text-editor.default\">\n\t\t\t\t<div class=\"elementor-widget-container\">\n\t\t\t<style>\/*! elementor - v3.23.0 - 23-07-2024 *\/\n.elementor-widget-text-editor.elementor-drop-cap-view-stacked .elementor-drop-cap{background-color:#69727d;color:#fff}.elementor-widget-text-editor.elementor-drop-cap-view-framed .elementor-drop-cap{color:#69727d;border:3px solid;background-color:transparent}.elementor-widget-text-editor:not(.elementor-drop-cap-view-default) .elementor-drop-cap{margin-top:8px}.elementor-widget-text-editor:not(.elementor-drop-cap-view-default) .elementor-drop-cap-letter{width:1em;height:1em}.elementor-widget-text-editor .elementor-drop-cap{float:left;text-align:center;line-height:1;font-size:50px}.elementor-widget-text-editor .elementor-drop-cap-letter{display:inline-block}<\/style>\t\t\t\t<p style=\"text-align: center;\"><strong><span style=\"color: #dfa665;\">Bienvenido a BetaGrading, la eleccio\u0301n correcta para la graduacio\u0301n de tus arti\u0301culos.<\/span><\/strong><\/p><div class=\"page\" title=\"Page 1\"><div class=\"section\"><div class=\"layoutArea\"><div class=\"column\"><p>Cualquier persona que acceda a BetaGrading.com y\/o utilice los servicios provistos ha aceptado expresamente los te\u0301rminos y condiciones de este Acuerdo de Te\u0301rminos de Uso sin cambios. Al utilizar los servicios de BetaGrading, aceptas estar sujeto a todos los te\u0301rminos y condiciones de este Acuerdo y todas las poli\u0301ticas y pautas incorporadas por referencia.<\/p><p>BetaGrading, el propietario de BetaGrading.com, se reserva el derecho de cambiar cualquiera de los te\u0301rminos y condiciones contenidos en este Acuerdo o cualquier poli\u0301tica o gui\u0301a que rija a BetaGrading.com o sus servicios, en cualquier momento y a su entera disposicio\u0301n. BetaGrading se reserva el derecho de realizar cambios sin previo aviso. Dichos cambios entrara\u0301n en vigencia al publicar el Acuerdo revisado en BetaGrading.com . Se alienta a los miembros a revisar el Acuerdo de vez en cuando para conocer los posibles cambios. Los miembros deben interrumpir el uso de BetaGrading.com si no aceptan los te\u0301rminos de este Acuerdo.<\/p><p>BetaGrading permite a los miembros crear perfiles personales en li\u0301nea para realizar pedidos personalizados. Los Servicios ofrecidos por BetaGrading incluyen el Sitio web de BetaGrading (el &#8220;Sitio web&#8221;) y cualquier otra caracteri\u0301stica, contenido o aplicacio\u0301n que BetaGrading ofrezca ocasionalmente en relacio\u0301n con el Sitio web, calificacio\u0301n, autenticacio\u0301n o cualquier otro servicio u oferta de BetaGrading que pueda cambiar ocasionalmente (colectivamente, los &#8220;Servicios&#8221;). BetaGrading.com no esta\u0301 disen\u0303ado para uso comercial. Las caracteri\u0301sticas y herramientas esta\u0301n estructuradas y desarrolladas para el coleccionista individual y sus colecciones personales.<\/p><p>Si el Miembro usa BetaGrading para cualquier propo\u0301sito que no sea personal, BetaGrading no garantiza el acceso, la funcionalidad o la capacidad de actualizacio\u0301n, y puede revocar el acceso a BetaGrading.com si el Miembro esta\u0301 usando el sitio o los Servicios para cualquier propo\u0301sito que pueda ser perjudicial para BetaGrading o Betagrading.com. Consulte la Seccio\u0301n 21 para obtener ma\u0301s informacio\u0301n sobre la garanti\u0301a.<\/p><p>El uso de los servicios proporcionados por BetaGrading tambie\u0301n se rige por nuestra Poli\u0301tica de privacidad, que se incorpora a este Acuerdo por referencia.<\/p><p><span style=\"color: #dfa665;\"><strong>1. <\/strong><strong>Elegibilidad:<\/strong><\/span> El uso y la Membresi\u0301a en los Servicios son nulos donde este\u0301n prohibidos. Al usar los Servicios, el Miembro declara y garantiza que (A) toda la informacio\u0301n de registro enviada es veraz y precisa; (B) mantendra\u0301n la exactitud de dicha informacio\u0301n; (C) el miembro tiene 18 an\u0303os de edad o ma\u0301s; y (D) el uso de<\/p><\/div><\/div><\/div><\/div><div class=\"page\" title=\"Page 2\"><div class=\"section\"><div class=\"layoutArea\"><div class=\"column\"><p>los Servicios no viola ninguna ley o regulacio\u0301n aplicable. Todos los campos obligatorios deben contener informacio\u0301n verdadera, precisa, actual y completa. Si BetaGrading cree que se ha proporcionado informacio\u0301n falsa, inexacta, desactualizada o incompleta, BetaGrading puede suspender de inmediato, y a su entera disposicio\u0301n la cuenta del miembro sin previo aviso.<\/p><p><span style=\"color: #dfa665;\"><strong>2.<\/strong><\/span> <strong><span style=\"color: #dfa665;\">Todos los Miembros son responsables de mantener y actualizar su informacio\u0301n de contacto personal de BetaGrading.com<\/span><\/strong> , incluida, entre otras, la informacio\u0301n en Mi cuenta: Acerca de mi\u0301, Informacio\u0301n de contacto. Revise nuestra Poli\u0301tica de privacidad para obtener informacio\u0301n sobre co\u0301mo se almacena y utiliza la informacio\u0301n personal.<\/p><p><strong>Declaracio\u0301n y poli\u0301tica de privacidad:<\/strong> La declaracio\u0301n y lapolitica de privacidad betagrading.com esta\u0301n disponibles en li\u0301nea para su revisio\u0301n en cualquier momento. BetaGrading puede realizar cambios en cualquier momento de acuerdo con los te\u0301rminos de la Poli\u0301tica de privacidad. Consulte la Poli\u0301tica de privacidad y la Declaracio\u0301n con frecuencia para conocer los cambios. A menos que se autorice o consienta lo contrario, la informacio\u0301n sobre otros Miembros o clientes que se haya obtenido a trave\u0301s de BetaGrading.com o divulgada por BetaGrading no puede utilizarse excepto para realizar y completar transacciones. Se prohi\u0301be el uso de dicha informacio\u0301n por parte de los miembros con fines de solicitud, publicidad, correo electro\u0301nico no solicitado o spam, acoso, invasio\u0301n de la privacidad o cualquier otra conducta objetable.<\/p><p><span style=\"color: #dfa665;\"><strong>3.<\/strong> <strong>Revelacio\u0301n de informacio\u0301n:<\/strong><\/span> BetaGrading se reserva el derecho, pero no asume ninguna obligacio\u0301n, de informar cualquier actividad que sospeche que viola cualquier ley. Con el fin de cooperar con las solicitudes gubernamentales, proteger los sistemas y clientes de BetaGrading o garantizar la integridad y el funcionamiento de los sistemas, BetaGrading puede acceder y facilitar cualquier informacio\u0301n que considere necesaria o apropiada, incluidos, entre otros, los datos de contacto de los<\/p><\/div><\/div><\/div><\/div><div class=\"page\" title=\"Page 3\"><div class=\"section\"><div class=\"layoutArea\"><div class=\"column\"><p>Miembros, Direccio\u0301n IP e informacio\u0301n de tra\u0301fico, historial de uso y contenido publicado. Mediante el uso del sitio web de BetaGrading, el miembro acepta dicho acceso y divulgacio\u0301n por parte de BetaGrading. Cualquier informacio\u0301n personal que el Miembro decida revelar a otro Miembro es bajo su propio riesgo.<\/p><p><span style=\"color: #dfa665;\"><strong>4.<\/strong> <strong>Contrasen\u0303a:<\/strong><\/span> cuando los miembros se registren en BetaGrading.com , tambie\u0301n se les pedira\u0301 que elijan una contrasen\u0303a. El Miembro es enteramente responsable de mantener la confidencialidad de la contrasen\u0303a. El miembro acepta no usar la cuenta, el nombre de usuario o la contrasen\u0303a de otro miembro en ningu\u0301n momento ni revelar su contrasen\u0303a a ningu\u0301n tercero. El miembro acepta notificar a BetaGrading de inmediato si sospecha de cualquier uso no autorizado de la cuenta o acceso a la contrasen\u0303a. El Miembro es el u\u0301nico responsable de cualquier uso de la cuenta registrada.<\/p><p><strong><span style=\"color: #dfa665;\">5.<\/span> <span style=\"color: #dfa665;\">Investigacio\u0301n:<\/span><\/strong> BetaGrading se reserva el derecho, pero no asume ninguna obligacio\u0301n, de monitorear cualquier actividad y contenido asociado con BetaGrading.com. BetaGrading puede investigar cualquier denuncia de violacio\u0301n de sus poli\u0301ticas o quejas y tomar las medidas que considere apropiadas. Dicha accio\u0301n puede incluir, entre otras, la emisio\u0301n de advertencias, la suspensio\u0301n o terminacio\u0301n del Servicio, la denegacio\u0301n del acceso y\/o la eliminacio\u0301n de cualquier material de BetaGrading.com, incluidos listados y ofertas. Betagrading se reserva el derecho y tiene a su entera disposicio\u0301n, eliminar, filtrar o editar cualquier contenido que viole estas disposiciones o que sea objetable. En el caso de que el miembro sufra dan\u0303os por esta investigacio\u0301n de alguna manera, el miembro acepta que BetaGrading no sera\u0301 responsable ante el miembro por dichos dan\u0303os, en ninguna circunstancia.<\/p><\/div><\/div><\/div><\/div><p>\u00a0<\/p>\t\t\t\t\t\t<\/div>\n\t\t\t\t<\/div>\n\t\t\t\t\t<\/div>\n\t\t<\/div>\n\t\t\t\t<div class=\"elementor-column elementor-col-33 elementor-top-column elementor-element elementor-element-0e85a49\" data-id=\"0e85a49\" data-element_type=\"column\">\n\t\t\t<div class=\"elementor-widget-wrap\">\n\t\t\t\t\t\t\t<\/div>\n\t\t<\/div>\n\t\t\t\t\t<\/div>\n\t\t<\/section>\n\t\t\t\t<\/div>\n\t\t","protected":false},"excerpt":{"rendered":"<p>ACUERDO DE SERVICIO Bienvenido a BetaGrading, la eleccio\u0301n correcta para la graduacio\u0301n de tus arti\u0301culos. Cualquier persona que acceda a BetaGrading.com y\/o utilice los servicios provistos ha aceptado expresamente los te\u0301rminos y condiciones de este Acuerdo de Te\u0301rminos de Uso sin cambios. Al utilizar los servicios de BetaGrading, aceptas estar sujeto a todos los te\u0301rminos [&hellip;]<\/p>\n","protected":false},"author":1,"featured_media":4106,"parent":0,"menu_order":0,"comment_status":"closed","ping_status":"closed","template":"","meta":{"inline_featured_image":false,"footnotes":""},"class_list":["post-2976","page","type-page","status-publish","has-post-thumbnail","hentry"],"yoast_head":"<!-- This site is optimized with the Yoast SEO plugin v23.1 - https:\/\/yoast.com\/wordpress\/plugins\/seo\/ -->\n<title>Betagrading | Servicio profesional de graduaci\u00f3n, certificaci\u00f3n y protecci\u00f3n de videojuegos | Acuerdo de servicio<\/title>\n<meta name=\"description\" content=\"Betagrading ofrece su servicio de graduaci\u00f3n, preservaci\u00f3n y certificaci\u00f3n para todo tipo de coleccionistas y aficionados a los videojuegos sin importar su condici\u00f3n. Consolas, accesorios, gu\u00edas y juegos. Nuevos y usados.Nintendo, Sega, Playstation, Xbox, Neo-Geo, Pc-Engine, etc.El estado se mide, la nostalgia se cuida.\" \/>\n<meta name=\"robots\" content=\"noindex, nofollow\" \/>\n<meta property=\"og:locale\" content=\"es_ES\" \/>\n<meta property=\"og:type\" content=\"article\" \/>\n<meta property=\"og:title\" content=\"Betagrading | Servicio profesional de graduaci\u00f3n, certificaci\u00f3n y protecci\u00f3n de videojuegos | Acuerdo de servicio\" \/>\n<meta property=\"og:description\" content=\"Betagrading ofrece su servicio de graduaci\u00f3n, preservaci\u00f3n y certificaci\u00f3n para todo tipo de coleccionistas y aficionados a los videojuegos sin importar su condici\u00f3n. Consolas, accesorios, gu\u00edas y juegos. Nuevos y usados.Nintendo, Sega, Playstation, Xbox, Neo-Geo, Pc-Engine, etc.El estado se mide, la nostalgia se cuida.\" \/>\n<meta property=\"og:url\" content=\"https:\/\/betagrading.com\/es_es\/acuerdo-de-servicio\/\" \/>\n<meta property=\"og:site_name\" content=\"BetaGrading\" \/>\n<meta property=\"article:publisher\" content=\"https:\/\/www.facebook.com\/profile.php?id=100091700487000\" \/>\n<meta property=\"article:modified_time\" content=\"2023-04-29T21:30:30+00:00\" \/>\n<meta property=\"og:image\" content=\"https:\/\/betagrading.com\/wp-content\/uploads\/2023\/04\/Betagrading-1200-\u00d7-675-px.png\" \/>\n\t<meta property=\"og:image:width\" content=\"1200\" \/>\n\t<meta property=\"og:image:height\" content=\"675\" \/>\n\t<meta property=\"og:image:type\" content=\"image\/png\" \/>\n<meta name=\"twitter:card\" content=\"summary_large_image\" \/>\n<meta name=\"twitter:site\" content=\"@betagrading\" \/>\n<meta name=\"twitter:label1\" content=\"Tiempo de lectura\" \/>\n\t<meta name=\"twitter:data1\" content=\"5 minutos\" \/>\n<script type=\"application\/ld+json\" class=\"yoast-schema-graph\">{\"@context\":\"https:\/\/schema.org\",\"@graph\":[{\"@type\":\"WebPage\",\"@id\":\"https:\/\/betagrading.com\/acuerdo-de-servicio\/\",\"url\":\"https:\/\/betagrading.com\/acuerdo-de-servicio\/\",\"name\":\"Betagrading | Servicio profesional de graduaci\u00f3n, certificaci\u00f3n y protecci\u00f3n de videojuegos | Acuerdo de servicio\",\"isPartOf\":{\"@id\":\"https:\/\/betagrading.com\/#website\"},\"primaryImageOfPage\":{\"@id\":\"https:\/\/betagrading.com\/acuerdo-de-servicio\/#primaryimage\"},\"image\":{\"@id\":\"https:\/\/betagrading.com\/acuerdo-de-servicio\/#primaryimage\"},\"thumbnailUrl\":\"https:\/\/betagrading.com\/wp-content\/uploads\/2023\/04\/Betagrading-1200-\u00d7-675-px.png\",\"datePublished\":\"2023-04-17T22:32:23+00:00\",\"dateModified\":\"2023-04-29T21:30:30+00:00\",\"description\":\"Betagrading ofrece su servicio de graduaci\u00f3n, preservaci\u00f3n y certificaci\u00f3n para todo tipo de coleccionistas y aficionados a los videojuegos sin importar su condici\u00f3n. Consolas, accesorios, gu\u00edas y juegos. Nuevos y usados.Nintendo, Sega, Playstation, Xbox, Neo-Geo, Pc-Engine, etc.El estado se mide, la nostalgia se cuida.\",\"breadcrumb\":{\"@id\":\"https:\/\/betagrading.com\/acuerdo-de-servicio\/#breadcrumb\"},\"inLanguage\":\"es\",\"potentialAction\":[{\"@type\":\"ReadAction\",\"target\":[\"https:\/\/betagrading.com\/acuerdo-de-servicio\/\"]}]},{\"@type\":\"ImageObject\",\"inLanguage\":\"es\",\"@id\":\"https:\/\/betagrading.com\/acuerdo-de-servicio\/#primaryimage\",\"url\":\"https:\/\/betagrading.com\/wp-content\/uploads\/2023\/04\/Betagrading-1200-\u00d7-675-px.png\",\"contentUrl\":\"https:\/\/betagrading.com\/wp-content\/uploads\/2023\/04\/Betagrading-1200-\u00d7-675-px.png\",\"width\":1200,\"height\":675,\"caption\":\"Betagrading | Servicio de graduaci\u00f3n, certificaci\u00f3n y protecci\u00f3n de videojuegos.\"},{\"@type\":\"BreadcrumbList\",\"@id\":\"https:\/\/betagrading.com\/acuerdo-de-servicio\/#breadcrumb\",\"itemListElement\":[{\"@type\":\"ListItem\",\"position\":1,\"name\":\"Portada\",\"item\":\"https:\/\/betagrading.com\/es_es\/\"},{\"@type\":\"ListItem\",\"position\":2,\"name\":\"Acuerdo de servicio\"}]},{\"@type\":\"WebSite\",\"@id\":\"https:\/\/betagrading.com\/#website\",\"url\":\"https:\/\/betagrading.com\/\",\"name\":\"Betagrading\",\"description\":\"Betagrading ofrece su servicio de graduaci\u00f3n, preservaci\u00f3n y certificaci\u00f3n para todo tipo de coleccionistas y aficionados a los videojuegos sin importar su condici\u00f3n. Consolas, accesorios, gu\u00edas y juegos. Nuevos y usados. Nintendo, Sega, Playstation, Xbox, Neo-Geo, Pc-Engine, etc. El estado se mide, la nostalgia se cuida.\",\"publisher\":{\"@id\":\"https:\/\/betagrading.com\/#organization\"},\"potentialAction\":[{\"@type\":\"SearchAction\",\"target\":{\"@type\":\"EntryPoint\",\"urlTemplate\":\"https:\/\/betagrading.com\/?s={search_term_string}\"},\"query-input\":\"required name=search_term_string\"}],\"inLanguage\":\"es\"},{\"@type\":\"Organization\",\"@id\":\"https:\/\/betagrading.com\/#organization\",\"name\":\"Betagrading\",\"url\":\"https:\/\/betagrading.com\/\",\"logo\":{\"@type\":\"ImageObject\",\"inLanguage\":\"es\",\"@id\":\"https:\/\/betagrading.com\/#\/schema\/logo\/image\/\",\"url\":\"https:\/\/betagrading.com\/wp-content\/uploads\/2023\/04\/betagrading.png\",\"contentUrl\":\"https:\/\/betagrading.com\/wp-content\/uploads\/2023\/04\/betagrading.png\",\"width\":600,\"height\":300,\"caption\":\"Betagrading\"},\"image\":{\"@id\":\"https:\/\/betagrading.com\/#\/schema\/logo\/image\/\"},\"sameAs\":[\"https:\/\/www.facebook.com\/profile.php?id=100091700487000\",\"https:\/\/x.com\/betagrading\",\"https:\/\/www.tiktok.com\/@betagrading_com?_t=8bjaH8Ghc2V&_r=1\",\"https:\/\/instagram.com\/betagrading\",\"https:\/\/www.youtube.com\/channel\/UCK_ATpBu2ryCBtOLqUoXGmQ\"]}]}<\/script>\n<!-- \/ Yoast SEO plugin. -->","yoast_head_json":{"title":"Betagrading | Servicio profesional de graduaci\u00f3n, certificaci\u00f3n y protecci\u00f3n de videojuegos | Acuerdo de servicio","description":"Betagrading ofrece su servicio de graduaci\u00f3n, preservaci\u00f3n y certificaci\u00f3n para todo tipo de coleccionistas y aficionados a los videojuegos sin importar su condici\u00f3n. Consolas, accesorios, gu\u00edas y juegos. Nuevos y usados.Nintendo, Sega, Playstation, Xbox, Neo-Geo, Pc-Engine, etc.El estado se mide, la nostalgia se cuida.","robots":{"index":"noindex","follow":"nofollow"},"og_locale":"es_ES","og_type":"article","og_title":"Betagrading | Servicio profesional de graduaci\u00f3n, certificaci\u00f3n y protecci\u00f3n de videojuegos | Acuerdo de servicio","og_description":"Betagrading ofrece su servicio de graduaci\u00f3n, preservaci\u00f3n y certificaci\u00f3n para todo tipo de coleccionistas y aficionados a los videojuegos sin importar su condici\u00f3n. Consolas, accesorios, gu\u00edas y juegos. Nuevos y usados.Nintendo, Sega, Playstation, Xbox, Neo-Geo, Pc-Engine, etc.El estado se mide, la nostalgia se cuida.","og_url":"https:\/\/betagrading.com\/es_es\/acuerdo-de-servicio\/","og_site_name":"BetaGrading","article_publisher":"https:\/\/www.facebook.com\/profile.php?id=100091700487000","article_modified_time":"2023-04-29T21:30:30+00:00","og_image":[{"width":1200,"height":675,"url":"https:\/\/betagrading.com\/wp-content\/uploads\/2023\/04\/Betagrading-1200-\u00d7-675-px.png","type":"image\/png"}],"twitter_card":"summary_large_image","twitter_site":"@betagrading","twitter_misc":{"Tiempo de lectura":"5 minutos"},"schema":{"@context":"https:\/\/schema.org","@graph":[{"@type":"WebPage","@id":"https:\/\/betagrading.com\/acuerdo-de-servicio\/","url":"https:\/\/betagrading.com\/acuerdo-de-servicio\/","name":"Betagrading | Servicio profesional de graduaci\u00f3n, certificaci\u00f3n y protecci\u00f3n de videojuegos | Acuerdo de servicio","isPartOf":{"@id":"https:\/\/betagrading.com\/#website"},"primaryImageOfPage":{"@id":"https:\/\/betagrading.com\/acuerdo-de-servicio\/#primaryimage"},"image":{"@id":"https:\/\/betagrading.com\/acuerdo-de-servicio\/#primaryimage"},"thumbnailUrl":"https:\/\/betagrading.com\/wp-content\/uploads\/2023\/04\/Betagrading-1200-\u00d7-675-px.png","datePublished":"2023-04-17T22:32:23+00:00","dateModified":"2023-04-29T21:30:30+00:00","description":"Betagrading ofrece su servicio de graduaci\u00f3n, preservaci\u00f3n y certificaci\u00f3n para todo tipo de coleccionistas y aficionados a los videojuegos sin importar su condici\u00f3n. Consolas, accesorios, gu\u00edas y juegos. Nuevos y usados.Nintendo, Sega, Playstation, Xbox, Neo-Geo, Pc-Engine, etc.El estado se mide, la nostalgia se cuida.","breadcrumb":{"@id":"https:\/\/betagrading.com\/acuerdo-de-servicio\/#breadcrumb"},"inLanguage":"es","potentialAction":[{"@type":"ReadAction","target":["https:\/\/betagrading.com\/acuerdo-de-servicio\/"]}]},{"@type":"ImageObject","inLanguage":"es","@id":"https:\/\/betagrading.com\/acuerdo-de-servicio\/#primaryimage","url":"https:\/\/betagrading.com\/wp-content\/uploads\/2023\/04\/Betagrading-1200-\u00d7-675-px.png","contentUrl":"https:\/\/betagrading.com\/wp-content\/uploads\/2023\/04\/Betagrading-1200-\u00d7-675-px.png","width":1200,"height":675,"caption":"Betagrading | Servicio de graduaci\u00f3n, certificaci\u00f3n y protecci\u00f3n de videojuegos."},{"@type":"BreadcrumbList","@id":"https:\/\/betagrading.com\/acuerdo-de-servicio\/#breadcrumb","itemListElement":[{"@type":"ListItem","position":1,"name":"Portada","item":"https:\/\/betagrading.com\/es_es\/"},{"@type":"ListItem","position":2,"name":"Acuerdo de servicio"}]},{"@type":"WebSite","@id":"https:\/\/betagrading.com\/#website","url":"https:\/\/betagrading.com\/","name":"Betagrading","description":"Betagrading ofrece su servicio de graduaci\u00f3n, preservaci\u00f3n y certificaci\u00f3n para todo tipo de coleccionistas y aficionados a los videojuegos sin importar su condici\u00f3n. Consolas, accesorios, gu\u00edas y juegos. Nuevos y usados. Nintendo, Sega, Playstation, Xbox, Neo-Geo, Pc-Engine, etc. El estado se mide, la nostalgia se cuida.","publisher":{"@id":"https:\/\/betagrading.com\/#organization"},"potentialAction":[{"@type":"SearchAction","target":{"@type":"EntryPoint","urlTemplate":"https:\/\/betagrading.com\/?s={search_term_string}"},"query-input":"required name=search_term_string"}],"inLanguage":"es"},{"@type":"Organization","@id":"https:\/\/betagrading.com\/#organization","name":"Betagrading","url":"https:\/\/betagrading.com\/","logo":{"@type":"ImageObject","inLanguage":"es","@id":"https:\/\/betagrading.com\/#\/schema\/logo\/image\/","url":"https:\/\/betagrading.com\/wp-content\/uploads\/2023\/04\/betagrading.png","contentUrl":"https:\/\/betagrading.com\/wp-content\/uploads\/2023\/04\/betagrading.png","width":600,"height":300,"caption":"Betagrading"},"image":{"@id":"https:\/\/betagrading.com\/#\/schema\/logo\/image\/"},"sameAs":["https:\/\/www.facebook.com\/profile.php?id=100091700487000","https:\/\/x.com\/betagrading","https:\/\/www.tiktok.com\/@betagrading_com?_t=8bjaH8Ghc2V&_r=1","https:\/\/instagram.com\/betagrading","https:\/\/www.youtube.com\/channel\/UCK_ATpBu2ryCBtOLqUoXGmQ"]}]}},"_links":{"self":[{"href":"https:\/\/betagrading.com\/es_es\/wp-json\/wp\/v2\/pages\/2976","targetHints":{"allow":["GET"]}}],"collection":[{"href":"https:\/\/betagrading.com\/es_es\/wp-json\/wp\/v2\/pages"}],"about":[{"href":"https:\/\/betagrading.com\/es_es\/wp-json\/wp\/v2\/types\/page"}],"author":[{"embeddable":true,"href":"https:\/\/betagrading.com\/es_es\/wp-json\/wp\/v2\/users\/1"}],"replies":[{"embeddable":true,"href":"https:\/\/betagrading.com\/es_es\/wp-json\/wp\/v2\/comments?post=2976"}],"version-history":[{"count":8,"href":"https:\/\/betagrading.com\/es_es\/wp-json\/wp\/v2\/pages\/2976\/revisions"}],"predecessor-version":[{"id":4532,"href":"https:\/\/betagrading.com\/es_es\/wp-json\/wp\/v2\/pages\/2976\/revisions\/4532"}],"wp:featuredmedia":[{"embeddable":true,"href":"https:\/\/betagrading.com\/es_es\/wp-json\/wp\/v2\/media\/4106"}],"wp:attachment":[{"href":"https:\/\/betagrading.com\/es_es\/wp-json\/wp\/v2\/media?parent=2976"}],"curies":[{"name":"wp","href":"https:\/\/api.w.org\/{rel}","templated":true}]}}