{"id":6,"date":"2023-02-15T10:51:04","date_gmt":"2023-02-15T10:51:04","guid":{"rendered":"https:\/\/betagrading.com\/?page_id=6"},"modified":"2024-06-21T20:37:44","modified_gmt":"2024-06-21T19:37:44","slug":"cart","status":"publish","type":"page","link":"https:\/\/betagrading.com\/es_es\/cart\/","title":{"rendered":"Cart"},"content":{"rendered":"\t\t<div data-elementor-type=\"wp-page\" data-elementor-id=\"6\" class=\"elementor elementor-6\" data-elementor-post-type=\"page\">\n\t\t\t\t\t\t<section class=\"elementor-section elementor-top-section elementor-element elementor-element-7ab5ec4 elementor-section-boxed elementor-section-height-default elementor-section-height-default\" data-id=\"7ab5ec4\" data-element_type=\"section\">\n\t\t\t\t\t\t<div class=\"elementor-container elementor-column-gap-default\">\n\t\t\t\t\t<div class=\"elementor-column elementor-col-100 elementor-top-column elementor-element elementor-element-604cd94\" data-id=\"604cd94\" data-element_type=\"column\">\n\t\t\t<div class=\"elementor-widget-wrap elementor-element-populated\">\n\t\t\t\t\t\t<div class=\"elementor-element elementor-element-e3fb939 elementor-widget elementor-widget-heading\" data-id=\"e3fb939\" data-element_type=\"widget\" data-widget_type=\"heading.default\">\n\t\t\t\t<div class=\"elementor-widget-container\">\n\t\t\t<style>\/*! elementor - v3.23.0 - 23-07-2024 *\/\n.elementor-heading-title{padding:0;margin:0;line-height:1}.elementor-widget-heading .elementor-heading-title[class*=elementor-size-]>a{color:inherit;font-size:inherit;line-height:inherit}.elementor-widget-heading .elementor-heading-title.elementor-size-small{font-size:15px}.elementor-widget-heading .elementor-heading-title.elementor-size-medium{font-size:19px}.elementor-widget-heading .elementor-heading-title.elementor-size-large{font-size:29px}.elementor-widget-heading .elementor-heading-title.elementor-size-xl{font-size:39px}.elementor-widget-heading .elementor-heading-title.elementor-size-xxl{font-size:59px}<\/style><h2 class=\"elementor-heading-title elementor-size-default\">CARRITO<\/h2>\t\t<\/div>\n\t\t\t\t<\/div>\n\t\t\t\t<div class=\"elementor-element elementor-element-b6ba0ef elementor-widget elementor-widget-image\" data-id=\"b6ba0ef\" data-element_type=\"widget\" data-widget_type=\"image.default\">\n\t\t\t\t<div class=\"elementor-widget-container\">\n\t\t\t<style>\/*! elementor - v3.23.0 - 23-07-2024 *\/\n.elementor-widget-image{text-align:center}.elementor-widget-image a{display:inline-block}.elementor-widget-image a img[src$=\".svg\"]{width:48px}.elementor-widget-image img{vertical-align:middle;display:inline-block}<\/style>\t\t\t\t\t\t\t\t\t\t<img fetchpriority=\"high\" decoding=\"async\" width=\"800\" height=\"800\" src=\"https:\/\/betagrading.com\/wp-content\/uploads\/2023\/03\/separador.svg\" class=\"attachment-large size-large wp-image-119\" alt=\"Betagrading | Servicio de graduaci\u00f3n, certificaci\u00f3n y protecci\u00f3n de videojuegos.\" \/>\t\t\t\t\t\t\t\t\t\t\t\t\t<\/div>\n\t\t\t\t<\/div>\n\t\t\t\t\t<\/div>\n\t\t<\/div>\n\t\t\t\t\t<\/div>\n\t\t<\/section>\n\t\t\t\t<section class=\"elementor-section elementor-top-section elementor-element elementor-element-6f5e0b87 elementor-section-boxed elementor-section-height-default elementor-section-height-default\" data-id=\"6f5e0b87\" data-element_type=\"section\">\n\t\t\t\t\t\t<div class=\"elementor-container elementor-column-gap-default\">\n\t\t\t\t\t<div class=\"elementor-column elementor-col-100 elementor-top-column elementor-element elementor-element-65278387\" data-id=\"65278387\" data-element_type=\"column\">\n\t\t\t<div class=\"elementor-widget-wrap elementor-element-populated\">\n\t\t\t\t\t\t<div class=\"elementor-element elementor-element-2b4a2af elementor-align-left elementor-mobile-align-center elementor-widget elementor-widget-button\" data-id=\"2b4a2af\" data-element_type=\"widget\" data-widget_type=\"button.default\">\n\t\t\t\t<div class=\"elementor-widget-container\">\n\t\t\t\t\t<div class=\"elementor-button-wrapper\">\n\t\t\t<a class=\"elementor-button elementor-button-link elementor-size-sm\" href=\"https:\/\/betagrading.com\/pedidos\/\">\n\t\t\t\t\t\t<span class=\"elementor-button-content-wrapper\">\n\t\t\t\t\t\t\t\t\t<span class=\"elementor-button-text\">A\u00f1ade otro art\u00edculo<\/span>\n\t\t\t\t\t<\/span>\n\t\t\t\t\t<\/a>\n\t\t<\/div>\n\t\t\t\t<\/div>\n\t\t\t\t<\/div>\n\t\t\t\t\t<\/div>\n\t\t<\/div>\n\t\t\t\t\t<\/div>\n\t\t<\/section>\n\t\t\t\t<\/div>\n\t\t","protected":false},"excerpt":{"rendered":"<p>CARRITO Eliminar art\u00edculo Producto Servicios Precio Cantidad Subtotal \u00d7&times;&times;&times;&times; Servicio Graduaci\u00f3n Juego Mario Plataforma Gameboy Advance Region PAL Estado Nuevo Articulo Juego Nota Bundleid 87f1be5ae34e459 Velocidad de procesado : High (90.00&euro;)Restauraci\u00f3n (15.00&euro;)Eliminaci\u00f3n de pegatinas (30.00&euro;)Crossgrade (40.00&euro;) Velocidad de procesado : High cantidad 220.00&euro; \u00d7&times;&times;&times;&times;&times;&times; Servicio Graduaci\u00f3n Juego Prueba Plataforma Nes Region Estado Nuevo Articulo Juego [&hellip;]<\/p>\n","protected":false},"author":1,"featured_media":4106,"parent":0,"menu_order":0,"comment_status":"closed","ping_status":"closed","template":"","meta":{"inline_featured_image":false,"footnotes":""},"class_list":["post-6","page","type-page","status-publish","has-post-thumbnail","hentry"],"yoast_head":"<!-- This site is optimized with the Yoast SEO plugin v23.1 - https:\/\/yoast.com\/wordpress\/plugins\/seo\/ -->\n<title>Betagrading | Servicio profesional de graduaci\u00f3n, certificaci\u00f3n y protecci\u00f3n de videojuegos | Cart<\/title>\n<meta name=\"description\" content=\"Betagrading ofrece su servicio de graduaci\u00f3n, preservaci\u00f3n y certificaci\u00f3n para todo tipo de coleccionistas y aficionados a los videojuegos sin importar su condici\u00f3n. Consolas, accesorios, gu\u00edas y juegos. Nuevos y usados.Nintendo, Sega, Playstation, Xbox, Neo-Geo, Pc-Engine, etc.El estado se mide, la nostalgia se cuida.\" \/>\n<meta name=\"robots\" content=\"noindex, nofollow\" \/>\n<meta property=\"og:locale\" content=\"es_ES\" \/>\n<meta property=\"og:type\" content=\"article\" \/>\n<meta property=\"og:title\" content=\"Betagrading | Servicio profesional de graduaci\u00f3n, certificaci\u00f3n y protecci\u00f3n de videojuegos | Cart\" \/>\n<meta property=\"og:description\" content=\"Betagrading ofrece su servicio de graduaci\u00f3n, preservaci\u00f3n y certificaci\u00f3n para todo tipo de coleccionistas y aficionados a los videojuegos sin importar su condici\u00f3n. Consolas, accesorios, gu\u00edas y juegos. Nuevos y usados.Nintendo, Sega, Playstation, Xbox, Neo-Geo, Pc-Engine, etc.El estado se mide, la nostalgia se cuida.\" \/>\n<meta property=\"og:url\" content=\"https:\/\/betagrading.com\/es_es\/cart\/\" \/>\n<meta property=\"og:site_name\" content=\"BetaGrading\" \/>\n<meta property=\"article:publisher\" content=\"https:\/\/www.facebook.com\/profile.php?id=100091700487000\" \/>\n<meta property=\"article:modified_time\" content=\"2024-06-21T19:37:44+00:00\" \/>\n<meta property=\"og:image\" content=\"https:\/\/betagrading.com\/wp-content\/uploads\/2023\/04\/Betagrading-1200-\u00d7-675-px.png\" \/>\n\t<meta property=\"og:image:width\" content=\"1200\" \/>\n\t<meta property=\"og:image:height\" content=\"675\" \/>\n\t<meta property=\"og:image:type\" content=\"image\/png\" \/>\n<meta name=\"twitter:card\" content=\"summary_large_image\" \/>\n<meta name=\"twitter:site\" content=\"@betagrading\" \/>\n<meta name=\"twitter:label1\" content=\"Tiempo de lectura\" \/>\n\t<meta name=\"twitter:data1\" content=\"4 minutos\" \/>\n<script type=\"application\/ld+json\" class=\"yoast-schema-graph\">{\"@context\":\"https:\/\/schema.org\",\"@graph\":[{\"@type\":\"WebPage\",\"@id\":\"https:\/\/betagrading.com\/es_es\/cart\/\",\"url\":\"https:\/\/betagrading.com\/es_es\/cart\/\",\"name\":\"Betagrading | Servicio profesional de graduaci\u00f3n, certificaci\u00f3n y protecci\u00f3n de videojuegos | Cart\",\"isPartOf\":{\"@id\":\"https:\/\/betagrading.com\/#website\"},\"primaryImageOfPage\":{\"@id\":\"https:\/\/betagrading.com\/es_es\/cart\/#primaryimage\"},\"image\":{\"@id\":\"https:\/\/betagrading.com\/es_es\/cart\/#primaryimage\"},\"thumbnailUrl\":\"https:\/\/betagrading.com\/wp-content\/uploads\/2023\/04\/Betagrading-1200-\u00d7-675-px.png\",\"datePublished\":\"2023-02-15T10:51:04+00:00\",\"dateModified\":\"2024-06-21T19:37:44+00:00\",\"description\":\"Betagrading ofrece su servicio de graduaci\u00f3n, preservaci\u00f3n y certificaci\u00f3n para todo tipo de coleccionistas y aficionados a los videojuegos sin importar su condici\u00f3n. Consolas, accesorios, gu\u00edas y juegos. Nuevos y usados.Nintendo, Sega, Playstation, Xbox, Neo-Geo, Pc-Engine, etc.El estado se mide, la nostalgia se cuida.\",\"breadcrumb\":{\"@id\":\"https:\/\/betagrading.com\/es_es\/cart\/#breadcrumb\"},\"inLanguage\":\"es\",\"potentialAction\":[{\"@type\":\"ReadAction\",\"target\":[\"https:\/\/betagrading.com\/es_es\/cart\/\"]}]},{\"@type\":\"ImageObject\",\"inLanguage\":\"es\",\"@id\":\"https:\/\/betagrading.com\/es_es\/cart\/#primaryimage\",\"url\":\"https:\/\/betagrading.com\/wp-content\/uploads\/2023\/04\/Betagrading-1200-\u00d7-675-px.png\",\"contentUrl\":\"https:\/\/betagrading.com\/wp-content\/uploads\/2023\/04\/Betagrading-1200-\u00d7-675-px.png\",\"width\":1200,\"height\":675,\"caption\":\"Betagrading | Servicio de graduaci\u00f3n, certificaci\u00f3n y protecci\u00f3n de videojuegos.\"},{\"@type\":\"BreadcrumbList\",\"@id\":\"https:\/\/betagrading.com\/es_es\/cart\/#breadcrumb\",\"itemListElement\":[{\"@type\":\"ListItem\",\"position\":1,\"name\":\"Portada\",\"item\":\"https:\/\/betagrading.com\/es_es\/\"},{\"@type\":\"ListItem\",\"position\":2,\"name\":\"Cart\"}]},{\"@type\":\"WebSite\",\"@id\":\"https:\/\/betagrading.com\/#website\",\"url\":\"https:\/\/betagrading.com\/\",\"name\":\"Betagrading\",\"description\":\"Betagrading ofrece su servicio de graduaci\u00f3n, preservaci\u00f3n y certificaci\u00f3n para todo tipo de coleccionistas y aficionados a los videojuegos sin importar su condici\u00f3n. Consolas, accesorios, gu\u00edas y juegos. Nuevos y usados. Nintendo, Sega, Playstation, Xbox, Neo-Geo, Pc-Engine, etc. El estado se mide, la nostalgia se cuida.\",\"publisher\":{\"@id\":\"https:\/\/betagrading.com\/#organization\"},\"potentialAction\":[{\"@type\":\"SearchAction\",\"target\":{\"@type\":\"EntryPoint\",\"urlTemplate\":\"https:\/\/betagrading.com\/?s={search_term_string}\"},\"query-input\":\"required name=search_term_string\"}],\"inLanguage\":\"es\"},{\"@type\":\"Organization\",\"@id\":\"https:\/\/betagrading.com\/#organization\",\"name\":\"Betagrading\",\"url\":\"https:\/\/betagrading.com\/\",\"logo\":{\"@type\":\"ImageObject\",\"inLanguage\":\"es\",\"@id\":\"https:\/\/betagrading.com\/#\/schema\/logo\/image\/\",\"url\":\"https:\/\/betagrading.com\/wp-content\/uploads\/2023\/04\/betagrading.png\",\"contentUrl\":\"https:\/\/betagrading.com\/wp-content\/uploads\/2023\/04\/betagrading.png\",\"width\":600,\"height\":300,\"caption\":\"Betagrading\"},\"image\":{\"@id\":\"https:\/\/betagrading.com\/#\/schema\/logo\/image\/\"},\"sameAs\":[\"https:\/\/www.facebook.com\/profile.php?id=100091700487000\",\"https:\/\/x.com\/betagrading\",\"https:\/\/www.tiktok.com\/@betagrading_com?_t=8bjaH8Ghc2V&_r=1\",\"https:\/\/instagram.com\/betagrading\",\"https:\/\/www.youtube.com\/channel\/UCK_ATpBu2ryCBtOLqUoXGmQ\"]}]}<\/script>\n<!-- \/ Yoast SEO plugin. -->","yoast_head_json":{"title":"Betagrading | Servicio profesional de graduaci\u00f3n, certificaci\u00f3n y protecci\u00f3n de videojuegos | Cart","description":"Betagrading ofrece su servicio de graduaci\u00f3n, preservaci\u00f3n y certificaci\u00f3n para todo tipo de coleccionistas y aficionados a los videojuegos sin importar su condici\u00f3n. Consolas, accesorios, gu\u00edas y juegos. Nuevos y usados.Nintendo, Sega, Playstation, Xbox, Neo-Geo, Pc-Engine, etc.El estado se mide, la nostalgia se cuida.","robots":{"index":"noindex","follow":"nofollow"},"og_locale":"es_ES","og_type":"article","og_title":"Betagrading | Servicio profesional de graduaci\u00f3n, certificaci\u00f3n y protecci\u00f3n de videojuegos | Cart","og_description":"Betagrading ofrece su servicio de graduaci\u00f3n, preservaci\u00f3n y certificaci\u00f3n para todo tipo de coleccionistas y aficionados a los videojuegos sin importar su condici\u00f3n. Consolas, accesorios, gu\u00edas y juegos. Nuevos y usados.Nintendo, Sega, Playstation, Xbox, Neo-Geo, Pc-Engine, etc.El estado se mide, la nostalgia se cuida.","og_url":"https:\/\/betagrading.com\/es_es\/cart\/","og_site_name":"BetaGrading","article_publisher":"https:\/\/www.facebook.com\/profile.php?id=100091700487000","article_modified_time":"2024-06-21T19:37:44+00:00","og_image":[{"width":1200,"height":675,"url":"https:\/\/betagrading.com\/wp-content\/uploads\/2023\/04\/Betagrading-1200-\u00d7-675-px.png","type":"image\/png"}],"twitter_card":"summary_large_image","twitter_site":"@betagrading","twitter_misc":{"Tiempo de lectura":"4 minutos"},"schema":{"@context":"https:\/\/schema.org","@graph":[{"@type":"WebPage","@id":"https:\/\/betagrading.com\/es_es\/cart\/","url":"https:\/\/betagrading.com\/es_es\/cart\/","name":"Betagrading | Servicio profesional de graduaci\u00f3n, certificaci\u00f3n y protecci\u00f3n de videojuegos | Cart","isPartOf":{"@id":"https:\/\/betagrading.com\/#website"},"primaryImageOfPage":{"@id":"https:\/\/betagrading.com\/es_es\/cart\/#primaryimage"},"image":{"@id":"https:\/\/betagrading.com\/es_es\/cart\/#primaryimage"},"thumbnailUrl":"https:\/\/betagrading.com\/wp-content\/uploads\/2023\/04\/Betagrading-1200-\u00d7-675-px.png","datePublished":"2023-02-15T10:51:04+00:00","dateModified":"2024-06-21T19:37:44+00:00","description":"Betagrading ofrece su servicio de graduaci\u00f3n, preservaci\u00f3n y certificaci\u00f3n para todo tipo de coleccionistas y aficionados a los videojuegos sin importar su condici\u00f3n. Consolas, accesorios, gu\u00edas y juegos. Nuevos y usados.Nintendo, Sega, Playstation, Xbox, Neo-Geo, Pc-Engine, etc.El estado se mide, la nostalgia se cuida.","breadcrumb":{"@id":"https:\/\/betagrading.com\/es_es\/cart\/#breadcrumb"},"inLanguage":"es","potentialAction":[{"@type":"ReadAction","target":["https:\/\/betagrading.com\/es_es\/cart\/"]}]},{"@type":"ImageObject","inLanguage":"es","@id":"https:\/\/betagrading.com\/es_es\/cart\/#primaryimage","url":"https:\/\/betagrading.com\/wp-content\/uploads\/2023\/04\/Betagrading-1200-\u00d7-675-px.png","contentUrl":"https:\/\/betagrading.com\/wp-content\/uploads\/2023\/04\/Betagrading-1200-\u00d7-675-px.png","width":1200,"height":675,"caption":"Betagrading | Servicio de graduaci\u00f3n, certificaci\u00f3n y protecci\u00f3n de videojuegos."},{"@type":"BreadcrumbList","@id":"https:\/\/betagrading.com\/es_es\/cart\/#breadcrumb","itemListElement":[{"@type":"ListItem","position":1,"name":"Portada","item":"https:\/\/betagrading.com\/es_es\/"},{"@type":"ListItem","position":2,"name":"Cart"}]},{"@type":"WebSite","@id":"https:\/\/betagrading.com\/#website","url":"https:\/\/betagrading.com\/","name":"Betagrading","description":"Betagrading ofrece su servicio de graduaci\u00f3n, preservaci\u00f3n y certificaci\u00f3n para todo tipo de coleccionistas y aficionados a los videojuegos sin importar su condici\u00f3n. Consolas, accesorios, gu\u00edas y juegos. Nuevos y usados. Nintendo, Sega, Playstation, Xbox, Neo-Geo, Pc-Engine, etc. El estado se mide, la nostalgia se cuida.","publisher":{"@id":"https:\/\/betagrading.com\/#organization"},"potentialAction":[{"@type":"SearchAction","target":{"@type":"EntryPoint","urlTemplate":"https:\/\/betagrading.com\/?s={search_term_string}"},"query-input":"required name=search_term_string"}],"inLanguage":"es"},{"@type":"Organization","@id":"https:\/\/betagrading.com\/#organization","name":"Betagrading","url":"https:\/\/betagrading.com\/","logo":{"@type":"ImageObject","inLanguage":"es","@id":"https:\/\/betagrading.com\/#\/schema\/logo\/image\/","url":"https:\/\/betagrading.com\/wp-content\/uploads\/2023\/04\/betagrading.png","contentUrl":"https:\/\/betagrading.com\/wp-content\/uploads\/2023\/04\/betagrading.png","width":600,"height":300,"caption":"Betagrading"},"image":{"@id":"https:\/\/betagrading.com\/#\/schema\/logo\/image\/"},"sameAs":["https:\/\/www.facebook.com\/profile.php?id=100091700487000","https:\/\/x.com\/betagrading","https:\/\/www.tiktok.com\/@betagrading_com?_t=8bjaH8Ghc2V&_r=1","https:\/\/instagram.com\/betagrading","https:\/\/www.youtube.com\/channel\/UCK_ATpBu2ryCBtOLqUoXGmQ"]}]}},"_links":{"self":[{"href":"https:\/\/betagrading.com\/es_es\/wp-json\/wp\/v2\/pages\/6","targetHints":{"allow":["GET"]}}],"collection":[{"href":"https:\/\/betagrading.com\/es_es\/wp-json\/wp\/v2\/pages"}],"about":[{"href":"https:\/\/betagrading.com\/es_es\/wp-json\/wp\/v2\/types\/page"}],"author":[{"embeddable":true,"href":"https:\/\/betagrading.com\/es_es\/wp-json\/wp\/v2\/users\/1"}],"replies":[{"embeddable":true,"href":"https:\/\/betagrading.com\/es_es\/wp-json\/wp\/v2\/comments?post=6"}],"version-history":[{"count":53,"href":"https:\/\/betagrading.com\/es_es\/wp-json\/wp\/v2\/pages\/6\/revisions"}],"predecessor-version":[{"id":8505,"href":"https:\/\/betagrading.com\/es_es\/wp-json\/wp\/v2\/pages\/6\/revisions\/8505"}],"wp:featuredmedia":[{"embeddable":true,"href":"https:\/\/betagrading.com\/es_es\/wp-json\/wp\/v2\/media\/4106"}],"wp:attachment":[{"href":"https:\/\/betagrading.com\/es_es\/wp-json\/wp\/v2\/media?parent=6"}],"curies":[{"name":"wp","href":"https:\/\/api.w.org\/{rel}","templated":true}]}}