{"id":8793,"date":"2024-07-11T11:13:17","date_gmt":"2024-07-11T10:13:17","guid":{"rendered":"https:\/\/betagrading.com\/?page_id=8793"},"modified":"2024-07-11T11:15:37","modified_gmt":"2024-07-11T10:15:37","slug":"xbox-360-sealed","status":"publish","type":"page","link":"https:\/\/betagrading.com\/es_es\/xbox-360-sealed\/","title":{"rendered":"XBOX 360 SEALED"},"content":{"rendered":"\t\t<div data-elementor-type=\"wp-page\" data-elementor-id=\"8793\" class=\"elementor elementor-8793\" data-elementor-post-type=\"page\">\n\t\t\t\t\t\t<section class=\"elementor-section elementor-top-section elementor-element elementor-element-3a76050 elementor-section-boxed elementor-section-height-default elementor-section-height-default\" data-id=\"3a76050\" data-element_type=\"section\">\n\t\t\t\t\t\t<div class=\"elementor-container elementor-column-gap-default\">\n\t\t\t\t\t<div class=\"elementor-column elementor-col-100 elementor-top-column elementor-element elementor-element-ae107e2\" data-id=\"ae107e2\" data-element_type=\"column\">\n\t\t\t<div class=\"elementor-widget-wrap elementor-element-populated\">\n\t\t\t\t\t\t<div class=\"elementor-element elementor-element-db43609 elementor-widget elementor-widget-image\" data-id=\"db43609\" data-element_type=\"widget\" data-widget_type=\"image.default\">\n\t\t\t\t<div class=\"elementor-widget-container\">\n\t\t\t<style>\/*! elementor - v3.23.0 - 23-07-2024 *\/\n.elementor-widget-image{text-align:center}.elementor-widget-image a{display:inline-block}.elementor-widget-image a img[src$=\".svg\"]{width:48px}.elementor-widget-image img{vertical-align:middle;display:inline-block}<\/style>\t\t\t\t\t\t\t\t\t\t<img decoding=\"async\" src=\"https:\/\/betagrading.com\/wp-content\/uploads\/2023\/04\/xbox.png\" title=\"\" alt=\"\" loading=\"lazy\" \/>\t\t\t\t\t\t\t\t\t\t\t\t\t<\/div>\n\t\t\t\t<\/div>\n\t\t\t\t\t<\/div>\n\t\t<\/div>\n\t\t\t\t\t<\/div>\n\t\t<\/section>\n\t\t\t\t<section class=\"elementor-section elementor-top-section elementor-element elementor-element-e30e192 elementor-section-boxed elementor-section-height-default elementor-section-height-default\" data-id=\"e30e192\" data-element_type=\"section\">\n\t\t\t\t\t\t<div class=\"elementor-container elementor-column-gap-default\">\n\t\t\t\t\t<div class=\"elementor-column elementor-col-100 elementor-top-column elementor-element elementor-element-e78c010\" data-id=\"e78c010\" data-element_type=\"column\">\n\t\t\t<div class=\"elementor-widget-wrap elementor-element-populated\">\n\t\t\t\t\t\t<div class=\"elementor-element elementor-element-3e682c7 elementor-widget elementor-widget-heading\" data-id=\"3e682c7\" data-element_type=\"widget\" data-widget_type=\"heading.default\">\n\t\t\t\t<div class=\"elementor-widget-container\">\n\t\t\t<style>\/*! elementor - v3.23.0 - 23-07-2024 *\/\n.elementor-heading-title{padding:0;margin:0;line-height:1}.elementor-widget-heading .elementor-heading-title[class*=elementor-size-]>a{color:inherit;font-size:inherit;line-height:inherit}.elementor-widget-heading .elementor-heading-title.elementor-size-small{font-size:15px}.elementor-widget-heading .elementor-heading-title.elementor-size-medium{font-size:19px}.elementor-widget-heading .elementor-heading-title.elementor-size-large{font-size:29px}.elementor-widget-heading .elementor-heading-title.elementor-size-xl{font-size:39px}.elementor-widget-heading .elementor-heading-title.elementor-size-xxl{font-size:59px}<\/style><h3 class=\"elementor-heading-title elementor-size-default\">XBOX 360 SEALED<\/h3>\t\t<\/div>\n\t\t\t\t<\/div>\n\t\t\t\t\t<\/div>\n\t\t<\/div>\n\t\t\t\t\t<\/div>\n\t\t<\/section>\n\t\t\t\t<section class=\"elementor-section elementor-top-section elementor-element elementor-element-d01c91b elementor-section-boxed elementor-section-height-default elementor-section-height-default\" data-id=\"d01c91b\" data-element_type=\"section\">\n\t\t\t\t\t\t<div class=\"elementor-container elementor-column-gap-default\">\n\t\t\t\t\t<div class=\"elementor-column elementor-col-100 elementor-top-column elementor-element elementor-element-9a56bf3\" data-id=\"9a56bf3\" data-element_type=\"column\">\n\t\t\t<div class=\"elementor-widget-wrap elementor-element-populated\">\n\t\t\t\t\t\t<div class=\"elementor-element elementor-element-0a4c3af elementor-widget elementor-widget-wp-widget-custom_html\" data-id=\"0a4c3af\" data-element_type=\"widget\" data-widget_type=\"wp-widget-custom_html.default\">\n\t\t\t\t<div class=\"elementor-widget-container\">\n\t\t\t<div class=\"textwidget custom-html-widget\">\n<table id=\"tablepress-X360sealed\" class=\"tablepress tablepress-id-X360sealed\">\n<thead>\n<tr class=\"row-1 odd\">\n\t<th class=\"column-1\">TITLE<\/th><th class=\"column-2\">EDITION<\/th><th class=\"column-3\">SEAL<\/th><th class=\"column-4\">PUBLISHER<\/th><th class=\"column-5\">REGION<\/th><th class=\"column-6\">YEAR<\/th><th class=\"column-7\"><60<\/th><th class=\"column-8\">70<\/th><th class=\"column-9\">70+<\/th><th class=\"column-10\">75<\/th><th class=\"column-11\">75+<\/th><th class=\"column-12\">80<\/th><th class=\"column-13\">80+<\/th><th class=\"column-14\">85<\/th><th class=\"column-15\">85+<\/th><th class=\"column-16\">90<\/th><th class=\"column-17\">90+<\/th><th class=\"column-18\">95<\/th><th class=\"column-19\">95+<\/th><th class=\"column-20\">100<\/th>\n<\/tr>\n<\/thead>\n<tbody class=\"row-hover\">\n<tr class=\"row-2 even\">\n\t<td class=\"column-1\">The Elder Scrolls V: Skyrim<\/td><td class=\"column-2\">Collector's Bundle Version<\/td><td class=\"column-3\">Shrinkwrap<\/td><td class=\"column-4\">Bethesda<\/td><td class=\"column-5\">EUR<\/td><td class=\"column-6\">2011<\/td><td class=\"column-7\"><\/td><td class=\"column-8\"><\/td><td class=\"column-9\"><\/td><td class=\"column-10\"><\/td><td class=\"column-11\"><\/td><td class=\"column-12\"><\/td><td class=\"column-13\"><\/td><td class=\"column-14\"><\/td><td class=\"column-15\">1<\/td><td class=\"column-16\"><\/td><td class=\"column-17\"><\/td><td class=\"column-18\"><\/td><td class=\"column-19\"><\/td><td class=\"column-20\"><\/td>\n<\/tr>\n<tr class=\"row-3 odd\">\n\t<td class=\"column-1\">NBA Jam<\/td><td class=\"column-2\"><\/td><td class=\"column-3\">MS Security Label + Y-folds<\/td><td class=\"column-4\">Electronic Arts<\/td><td class=\"column-5\">ESP<\/td><td class=\"column-6\">2010<\/td><td class=\"column-7\"><\/td><td class=\"column-8\"><\/td><td class=\"column-9\"><\/td><td class=\"column-10\"><\/td><td class=\"column-11\"><\/td><td class=\"column-12\"><\/td><td class=\"column-13\"><\/td><td class=\"column-14\">1<\/td><td class=\"column-15\"><\/td><td class=\"column-16\"><\/td><td class=\"column-17\"><\/td><td class=\"column-18\"><\/td><td class=\"column-19\"><\/td><td class=\"column-20\"><\/td>\n<\/tr>\n<tr class=\"row-4 even\">\n\t<td class=\"column-1\">The Dead Rising Collection<\/td><td class=\"column-2\"><\/td><td class=\"column-3\">MS Security Label + Y-folds<\/td><td class=\"column-4\">Capcom<\/td><td class=\"column-5\">ITA\/ESP<\/td><td class=\"column-6\">2014<\/td><td class=\"column-7\"><\/td><td class=\"column-8\"><\/td><td class=\"column-9\"><\/td><td class=\"column-10\"><\/td><td class=\"column-11\"><\/td><td class=\"column-12\"><\/td><td class=\"column-13\"><\/td><td class=\"column-14\">1<\/td><td class=\"column-15\"><\/td><td class=\"column-16\"><\/td><td class=\"column-17\"><\/td><td class=\"column-18\"><\/td><td class=\"column-19\"><\/td><td class=\"column-20\"><\/td>\n<\/tr>\n<tr class=\"row-5 odd\">\n\t<td class=\"column-1\">Left 4 Dead<\/td><td class=\"column-2\"><\/td><td class=\"column-3\">MS Security Label + Y-folds<\/td><td class=\"column-4\">Electronic Arts<\/td><td class=\"column-5\">USA (Mexican Edition)<\/td><td class=\"column-6\">2008<\/td><td class=\"column-7\"><\/td><td class=\"column-8\"><\/td><td class=\"column-9\"><\/td><td class=\"column-10\"><\/td><td class=\"column-11\"><\/td><td class=\"column-12\"><\/td><td class=\"column-13\"><\/td><td class=\"column-14\">1<\/td><td class=\"column-15\"><\/td><td class=\"column-16\"><\/td><td class=\"column-17\"><\/td><td class=\"column-18\"><\/td><td class=\"column-19\"><\/td><td class=\"column-20\"><\/td>\n<\/tr>\n<tr class=\"row-6 even\">\n\t<td class=\"column-1\">Left 4 Dead 2<\/td><td class=\"column-2\"><\/td><td class=\"column-3\">MS Security Label + Y-folds<\/td><td class=\"column-4\">Electronic Arts<\/td><td class=\"column-5\">ESP<\/td><td class=\"column-6\">2009<\/td><td class=\"column-7\"><\/td><td class=\"column-8\"><\/td><td class=\"column-9\"><\/td><td class=\"column-10\"><\/td><td class=\"column-11\"><\/td><td class=\"column-12\"><\/td><td class=\"column-13\">1<\/td><td class=\"column-14\"><\/td><td class=\"column-15\"><\/td><td class=\"column-16\"><\/td><td class=\"column-17\"><\/td><td class=\"column-18\"><\/td><td class=\"column-19\"><\/td><td class=\"column-20\"><\/td>\n<\/tr>\n<tr class=\"row-7 odd\">\n\t<td class=\"column-1\">Rumble Roses XX<\/td><td class=\"column-2\"><\/td><td class=\"column-3\">MS Security Label + Y-folds<\/td><td class=\"column-4\">Konami<\/td><td class=\"column-5\">ESP<\/td><td class=\"column-6\">2006<\/td><td class=\"column-7\"><\/td><td class=\"column-8\"><\/td><td class=\"column-9\"><\/td><td class=\"column-10\"><\/td><td class=\"column-11\"><\/td><td class=\"column-12\"><\/td><td class=\"column-13\"><\/td><td class=\"column-14\"><\/td><td class=\"column-15\">1<\/td><td class=\"column-16\"><\/td><td class=\"column-17\"><\/td><td class=\"column-18\"><\/td><td class=\"column-19\"><\/td><td class=\"column-20\"><\/td>\n<\/tr>\n<tr class=\"row-8 even\">\n\t<td class=\"column-1\">Deadly Premonition<\/td><td class=\"column-2\"><\/td><td class=\"column-3\">MS Security Label + Y-folds<\/td><td class=\"column-4\">Rising Star Games<\/td><td class=\"column-5\">FRA\/ITA\/GER\/ESP<\/td><td class=\"column-6\">2010<\/td><td class=\"column-7\"><\/td><td class=\"column-8\"><\/td><td class=\"column-9\"><\/td><td class=\"column-10\"><\/td><td class=\"column-11\"><\/td><td class=\"column-12\"><\/td><td class=\"column-13\"><\/td><td class=\"column-14\"><\/td><td class=\"column-15\">1<\/td><td class=\"column-16\"><\/td><td class=\"column-17\"><\/td><td class=\"column-18\"><\/td><td class=\"column-19\"><\/td><td class=\"column-20\"><\/td>\n<\/tr>\n<tr class=\"row-9 odd\">\n\t<td class=\"column-1\">Lost Odyssey<\/td><td class=\"column-2\"><\/td><td class=\"column-3\">MS Security Label + Y-folds<\/td><td class=\"column-4\">Microsoft<\/td><td class=\"column-5\">ESP<\/td><td class=\"column-6\">2008<\/td><td class=\"column-7\"><\/td><td class=\"column-8\"><\/td><td class=\"column-9\"><\/td><td class=\"column-10\"><\/td><td class=\"column-11\"><\/td><td class=\"column-12\">1<\/td><td class=\"column-13\"><\/td><td class=\"column-14\"><\/td><td class=\"column-15\"><\/td><td class=\"column-16\"><\/td><td class=\"column-17\"><\/td><td class=\"column-18\"><\/td><td class=\"column-19\"><\/td><td class=\"column-20\"><\/td>\n<\/tr>\n<tr class=\"row-10 even\">\n\t<td class=\"column-1\">Clive Barker's Jericho<\/td><td class=\"column-2\"><\/td><td class=\"column-3\">MS Security Label + Y-folds<\/td><td class=\"column-4\">Atari<\/td><td class=\"column-5\">ESP<\/td><td class=\"column-6\">2007<\/td><td class=\"column-7\"><\/td><td class=\"column-8\"><\/td><td class=\"column-9\"><\/td><td class=\"column-10\"><\/td><td class=\"column-11\"><\/td><td class=\"column-12\"><\/td><td class=\"column-13\">1<\/td><td class=\"column-14\"><\/td><td class=\"column-15\"><\/td><td class=\"column-16\"><\/td><td class=\"column-17\"><\/td><td class=\"column-18\"><\/td><td class=\"column-19\"><\/td><td class=\"column-20\"><\/td>\n<\/tr>\n<tr class=\"row-11 odd\">\n\t<td class=\"column-1\">Dead Space <\/td><td class=\"column-2\"><\/td><td class=\"column-3\">MS Security Label + Y-folds<\/td><td class=\"column-4\">Electroic Arts<\/td><td class=\"column-5\">ESP<\/td><td class=\"column-6\">2009<\/td><td class=\"column-7\"><\/td><td class=\"column-8\"><\/td><td class=\"column-9\"><\/td><td class=\"column-10\">1<\/td><td class=\"column-11\"><\/td><td class=\"column-12\"><\/td><td class=\"column-13\"><\/td><td class=\"column-14\"><\/td><td class=\"column-15\"><\/td><td class=\"column-16\"><\/td><td class=\"column-17\"><\/td><td class=\"column-18\"><\/td><td class=\"column-19\"><\/td><td class=\"column-20\"><\/td>\n<\/tr>\n<tr class=\"row-12 even\">\n\t<td class=\"column-1\">Eternal Sonata<\/td><td class=\"column-2\"><\/td><td class=\"column-3\">MS Security Label + Y-folds<\/td><td class=\"column-4\">Namco Bandai<\/td><td class=\"column-5\">ESP<\/td><td class=\"column-6\">2007<\/td><td class=\"column-7\"><\/td><td class=\"column-8\"><\/td><td class=\"column-9\"><\/td><td class=\"column-10\"><\/td><td class=\"column-11\"><\/td><td class=\"column-12\">1<\/td><td class=\"column-13\"><\/td><td class=\"column-14\"><\/td><td class=\"column-15\"><\/td><td class=\"column-16\"><\/td><td class=\"column-17\"><\/td><td class=\"column-18\"><\/td><td class=\"column-19\"><\/td><td class=\"column-20\"><\/td>\n<\/tr>\n<tr class=\"row-13 odd\">\n\t<td class=\"column-1\">Bayonetta<\/td><td class=\"column-2\"><\/td><td class=\"column-3\">MS Security Label + Y-folds<\/td><td class=\"column-4\">Sega<\/td><td class=\"column-5\">ESP<\/td><td class=\"column-6\">2010<\/td><td class=\"column-7\"><\/td><td class=\"column-8\"><\/td><td class=\"column-9\"><\/td><td class=\"column-10\"><\/td><td class=\"column-11\"><\/td><td class=\"column-12\"><\/td><td class=\"column-13\">1<\/td><td class=\"column-14\"><\/td><td class=\"column-15\"><\/td><td class=\"column-16\"><\/td><td class=\"column-17\"><\/td><td class=\"column-18\"><\/td><td class=\"column-19\"><\/td><td class=\"column-20\"><\/td>\n<\/tr>\n<\/tbody>\n<\/table>\n<!-- #tablepress-X360sealed from cache --><\/div>\t\t<\/div>\n\t\t\t\t<\/div>\n\t\t\t\t\t<\/div>\n\t\t<\/div>\n\t\t\t\t\t<\/div>\n\t\t<\/section>\n\t\t\t\t<\/div>\n\t\t","protected":false},"excerpt":{"rendered":"<p>XBOX 360 SEALED<\/p>\n","protected":false},"author":2,"featured_media":4106,"parent":0,"menu_order":0,"comment_status":"closed","ping_status":"closed","template":"","meta":{"inline_featured_image":false,"footnotes":""},"class_list":["post-8793","page","type-page","status-publish","has-post-thumbnail","hentry"],"yoast_head":"<!-- This site is optimized with the Yoast SEO plugin v23.1 - https:\/\/yoast.com\/wordpress\/plugins\/seo\/ -->\n<title>Betagrading | Servicio profesional de graduaci\u00f3n, certificaci\u00f3n y protecci\u00f3n de videojuegos | XBOX 360 SEALED<\/title>\n<meta name=\"description\" content=\"Betagrading ofrece su servicio de graduaci\u00f3n, preservaci\u00f3n y certificaci\u00f3n para todo tipo de coleccionistas y aficionados a los videojuegos sin importar su condici\u00f3n. Consolas, accesorios, gu\u00edas y juegos. Nuevos y usados.Nintendo, Sega, Playstation, Xbox, Neo-Geo, Pc-Engine, etc.El estado se mide, la nostalgia se cuida.\" \/>\n<meta name=\"robots\" content=\"index, follow, max-snippet:-1, max-image-preview:large, max-video-preview:-1\" \/>\n<link rel=\"canonical\" href=\"https:\/\/betagrading.com\/es_es\/xbox-360-sealed\/\" \/>\n<meta property=\"og:locale\" content=\"es_ES\" \/>\n<meta property=\"og:type\" content=\"article\" \/>\n<meta property=\"og:title\" content=\"Betagrading | Servicio profesional de graduaci\u00f3n, certificaci\u00f3n y protecci\u00f3n de videojuegos | XBOX 360 SEALED\" \/>\n<meta property=\"og:description\" content=\"Betagrading ofrece su servicio de graduaci\u00f3n, preservaci\u00f3n y certificaci\u00f3n para todo tipo de coleccionistas y aficionados a los videojuegos sin importar su condici\u00f3n. Consolas, accesorios, gu\u00edas y juegos. Nuevos y usados.Nintendo, Sega, Playstation, Xbox, Neo-Geo, Pc-Engine, etc.El estado se mide, la nostalgia se cuida.\" \/>\n<meta property=\"og:url\" content=\"https:\/\/betagrading.com\/es_es\/xbox-360-sealed\/\" \/>\n<meta property=\"og:site_name\" content=\"BetaGrading\" \/>\n<meta property=\"article:publisher\" content=\"https:\/\/www.facebook.com\/profile.php?id=100091700487000\" \/>\n<meta property=\"article:modified_time\" content=\"2024-07-11T10:15:37+00:00\" \/>\n<meta property=\"og:image\" content=\"https:\/\/betagrading.com\/wp-content\/uploads\/2023\/04\/Betagrading-1200-\u00d7-675-px.png\" \/>\n\t<meta property=\"og:image:width\" content=\"1200\" \/>\n\t<meta property=\"og:image:height\" content=\"675\" \/>\n\t<meta property=\"og:image:type\" content=\"image\/png\" \/>\n<meta name=\"twitter:card\" content=\"summary_large_image\" \/>\n<meta name=\"twitter:site\" content=\"@betagrading\" \/>\n<meta name=\"twitter:label1\" content=\"Tiempo de lectura\" \/>\n\t<meta name=\"twitter:data1\" content=\"1 minuto\" \/>\n<script type=\"application\/ld+json\" class=\"yoast-schema-graph\">{\"@context\":\"https:\/\/schema.org\",\"@graph\":[{\"@type\":\"WebPage\",\"@id\":\"https:\/\/betagrading.com\/xbox-360-sealed\/\",\"url\":\"https:\/\/betagrading.com\/xbox-360-sealed\/\",\"name\":\"Betagrading | Servicio profesional de graduaci\u00f3n, certificaci\u00f3n y protecci\u00f3n de videojuegos | XBOX 360 SEALED\",\"isPartOf\":{\"@id\":\"https:\/\/betagrading.com\/#website\"},\"primaryImageOfPage\":{\"@id\":\"https:\/\/betagrading.com\/xbox-360-sealed\/#primaryimage\"},\"image\":{\"@id\":\"https:\/\/betagrading.com\/xbox-360-sealed\/#primaryimage\"},\"thumbnailUrl\":\"https:\/\/betagrading.com\/wp-content\/uploads\/2023\/04\/Betagrading-1200-\u00d7-675-px.png\",\"datePublished\":\"2024-07-11T10:13:17+00:00\",\"dateModified\":\"2024-07-11T10:15:37+00:00\",\"description\":\"Betagrading ofrece su servicio de graduaci\u00f3n, preservaci\u00f3n y certificaci\u00f3n para todo tipo de coleccionistas y aficionados a los videojuegos sin importar su condici\u00f3n. Consolas, accesorios, gu\u00edas y juegos. Nuevos y usados.Nintendo, Sega, Playstation, Xbox, Neo-Geo, Pc-Engine, etc.El estado se mide, la nostalgia se cuida.\",\"breadcrumb\":{\"@id\":\"https:\/\/betagrading.com\/xbox-360-sealed\/#breadcrumb\"},\"inLanguage\":\"es\",\"potentialAction\":[{\"@type\":\"ReadAction\",\"target\":[\"https:\/\/betagrading.com\/xbox-360-sealed\/\"]}]},{\"@type\":\"ImageObject\",\"inLanguage\":\"es\",\"@id\":\"https:\/\/betagrading.com\/xbox-360-sealed\/#primaryimage\",\"url\":\"https:\/\/betagrading.com\/wp-content\/uploads\/2023\/04\/Betagrading-1200-\u00d7-675-px.png\",\"contentUrl\":\"https:\/\/betagrading.com\/wp-content\/uploads\/2023\/04\/Betagrading-1200-\u00d7-675-px.png\",\"width\":1200,\"height\":675,\"caption\":\"Betagrading | Servicio de graduaci\u00f3n, certificaci\u00f3n y protecci\u00f3n de videojuegos.\"},{\"@type\":\"BreadcrumbList\",\"@id\":\"https:\/\/betagrading.com\/xbox-360-sealed\/#breadcrumb\",\"itemListElement\":[{\"@type\":\"ListItem\",\"position\":1,\"name\":\"Portada\",\"item\":\"https:\/\/betagrading.com\/es_es\/\"},{\"@type\":\"ListItem\",\"position\":2,\"name\":\"XBOX 360 SEALED\"}]},{\"@type\":\"WebSite\",\"@id\":\"https:\/\/betagrading.com\/#website\",\"url\":\"https:\/\/betagrading.com\/\",\"name\":\"Betagrading\",\"description\":\"Betagrading ofrece su servicio de graduaci\u00f3n, preservaci\u00f3n y certificaci\u00f3n para todo tipo de coleccionistas y aficionados a los videojuegos sin importar su condici\u00f3n. Consolas, accesorios, gu\u00edas y juegos. Nuevos y usados. Nintendo, Sega, Playstation, Xbox, Neo-Geo, Pc-Engine, etc. El estado se mide, la nostalgia se cuida.\",\"publisher\":{\"@id\":\"https:\/\/betagrading.com\/#organization\"},\"potentialAction\":[{\"@type\":\"SearchAction\",\"target\":{\"@type\":\"EntryPoint\",\"urlTemplate\":\"https:\/\/betagrading.com\/?s={search_term_string}\"},\"query-input\":\"required name=search_term_string\"}],\"inLanguage\":\"es\"},{\"@type\":\"Organization\",\"@id\":\"https:\/\/betagrading.com\/#organization\",\"name\":\"Betagrading\",\"url\":\"https:\/\/betagrading.com\/\",\"logo\":{\"@type\":\"ImageObject\",\"inLanguage\":\"es\",\"@id\":\"https:\/\/betagrading.com\/#\/schema\/logo\/image\/\",\"url\":\"https:\/\/betagrading.com\/wp-content\/uploads\/2023\/04\/betagrading.png\",\"contentUrl\":\"https:\/\/betagrading.com\/wp-content\/uploads\/2023\/04\/betagrading.png\",\"width\":600,\"height\":300,\"caption\":\"Betagrading\"},\"image\":{\"@id\":\"https:\/\/betagrading.com\/#\/schema\/logo\/image\/\"},\"sameAs\":[\"https:\/\/www.facebook.com\/profile.php?id=100091700487000\",\"https:\/\/x.com\/betagrading\",\"https:\/\/www.tiktok.com\/@betagrading_com?_t=8bjaH8Ghc2V&_r=1\",\"https:\/\/instagram.com\/betagrading\",\"https:\/\/www.youtube.com\/channel\/UCK_ATpBu2ryCBtOLqUoXGmQ\"]}]}<\/script>\n<!-- \/ Yoast SEO plugin. -->","yoast_head_json":{"title":"Betagrading | Servicio profesional de graduaci\u00f3n, certificaci\u00f3n y protecci\u00f3n de videojuegos | XBOX 360 SEALED","description":"Betagrading ofrece su servicio de graduaci\u00f3n, preservaci\u00f3n y certificaci\u00f3n para todo tipo de coleccionistas y aficionados a los videojuegos sin importar su condici\u00f3n. Consolas, accesorios, gu\u00edas y juegos. Nuevos y usados.Nintendo, Sega, Playstation, Xbox, Neo-Geo, Pc-Engine, etc.El estado se mide, la nostalgia se cuida.","robots":{"index":"index","follow":"follow","max-snippet":"max-snippet:-1","max-image-preview":"max-image-preview:large","max-video-preview":"max-video-preview:-1"},"canonical":"https:\/\/betagrading.com\/es_es\/xbox-360-sealed\/","og_locale":"es_ES","og_type":"article","og_title":"Betagrading | Servicio profesional de graduaci\u00f3n, certificaci\u00f3n y protecci\u00f3n de videojuegos | XBOX 360 SEALED","og_description":"Betagrading ofrece su servicio de graduaci\u00f3n, preservaci\u00f3n y certificaci\u00f3n para todo tipo de coleccionistas y aficionados a los videojuegos sin importar su condici\u00f3n. Consolas, accesorios, gu\u00edas y juegos. Nuevos y usados.Nintendo, Sega, Playstation, Xbox, Neo-Geo, Pc-Engine, etc.El estado se mide, la nostalgia se cuida.","og_url":"https:\/\/betagrading.com\/es_es\/xbox-360-sealed\/","og_site_name":"BetaGrading","article_publisher":"https:\/\/www.facebook.com\/profile.php?id=100091700487000","article_modified_time":"2024-07-11T10:15:37+00:00","og_image":[{"width":1200,"height":675,"url":"https:\/\/betagrading.com\/wp-content\/uploads\/2023\/04\/Betagrading-1200-\u00d7-675-px.png","type":"image\/png"}],"twitter_card":"summary_large_image","twitter_site":"@betagrading","twitter_misc":{"Tiempo de lectura":"1 minuto"},"schema":{"@context":"https:\/\/schema.org","@graph":[{"@type":"WebPage","@id":"https:\/\/betagrading.com\/xbox-360-sealed\/","url":"https:\/\/betagrading.com\/xbox-360-sealed\/","name":"Betagrading | Servicio profesional de graduaci\u00f3n, certificaci\u00f3n y protecci\u00f3n de videojuegos | XBOX 360 SEALED","isPartOf":{"@id":"https:\/\/betagrading.com\/#website"},"primaryImageOfPage":{"@id":"https:\/\/betagrading.com\/xbox-360-sealed\/#primaryimage"},"image":{"@id":"https:\/\/betagrading.com\/xbox-360-sealed\/#primaryimage"},"thumbnailUrl":"https:\/\/betagrading.com\/wp-content\/uploads\/2023\/04\/Betagrading-1200-\u00d7-675-px.png","datePublished":"2024-07-11T10:13:17+00:00","dateModified":"2024-07-11T10:15:37+00:00","description":"Betagrading ofrece su servicio de graduaci\u00f3n, preservaci\u00f3n y certificaci\u00f3n para todo tipo de coleccionistas y aficionados a los videojuegos sin importar su condici\u00f3n. Consolas, accesorios, gu\u00edas y juegos. Nuevos y usados.Nintendo, Sega, Playstation, Xbox, Neo-Geo, Pc-Engine, etc.El estado se mide, la nostalgia se cuida.","breadcrumb":{"@id":"https:\/\/betagrading.com\/xbox-360-sealed\/#breadcrumb"},"inLanguage":"es","potentialAction":[{"@type":"ReadAction","target":["https:\/\/betagrading.com\/xbox-360-sealed\/"]}]},{"@type":"ImageObject","inLanguage":"es","@id":"https:\/\/betagrading.com\/xbox-360-sealed\/#primaryimage","url":"https:\/\/betagrading.com\/wp-content\/uploads\/2023\/04\/Betagrading-1200-\u00d7-675-px.png","contentUrl":"https:\/\/betagrading.com\/wp-content\/uploads\/2023\/04\/Betagrading-1200-\u00d7-675-px.png","width":1200,"height":675,"caption":"Betagrading | Servicio de graduaci\u00f3n, certificaci\u00f3n y protecci\u00f3n de videojuegos."},{"@type":"BreadcrumbList","@id":"https:\/\/betagrading.com\/xbox-360-sealed\/#breadcrumb","itemListElement":[{"@type":"ListItem","position":1,"name":"Portada","item":"https:\/\/betagrading.com\/es_es\/"},{"@type":"ListItem","position":2,"name":"XBOX 360 SEALED"}]},{"@type":"WebSite","@id":"https:\/\/betagrading.com\/#website","url":"https:\/\/betagrading.com\/","name":"Betagrading","description":"Betagrading ofrece su servicio de graduaci\u00f3n, preservaci\u00f3n y certificaci\u00f3n para todo tipo de coleccionistas y aficionados a los videojuegos sin importar su condici\u00f3n. Consolas, accesorios, gu\u00edas y juegos. Nuevos y usados. Nintendo, Sega, Playstation, Xbox, Neo-Geo, Pc-Engine, etc. El estado se mide, la nostalgia se cuida.","publisher":{"@id":"https:\/\/betagrading.com\/#organization"},"potentialAction":[{"@type":"SearchAction","target":{"@type":"EntryPoint","urlTemplate":"https:\/\/betagrading.com\/?s={search_term_string}"},"query-input":"required name=search_term_string"}],"inLanguage":"es"},{"@type":"Organization","@id":"https:\/\/betagrading.com\/#organization","name":"Betagrading","url":"https:\/\/betagrading.com\/","logo":{"@type":"ImageObject","inLanguage":"es","@id":"https:\/\/betagrading.com\/#\/schema\/logo\/image\/","url":"https:\/\/betagrading.com\/wp-content\/uploads\/2023\/04\/betagrading.png","contentUrl":"https:\/\/betagrading.com\/wp-content\/uploads\/2023\/04\/betagrading.png","width":600,"height":300,"caption":"Betagrading"},"image":{"@id":"https:\/\/betagrading.com\/#\/schema\/logo\/image\/"},"sameAs":["https:\/\/www.facebook.com\/profile.php?id=100091700487000","https:\/\/x.com\/betagrading","https:\/\/www.tiktok.com\/@betagrading_com?_t=8bjaH8Ghc2V&_r=1","https:\/\/instagram.com\/betagrading","https:\/\/www.youtube.com\/channel\/UCK_ATpBu2ryCBtOLqUoXGmQ"]}]}},"_links":{"self":[{"href":"https:\/\/betagrading.com\/es_es\/wp-json\/wp\/v2\/pages\/8793","targetHints":{"allow":["GET"]}}],"collection":[{"href":"https:\/\/betagrading.com\/es_es\/wp-json\/wp\/v2\/pages"}],"about":[{"href":"https:\/\/betagrading.com\/es_es\/wp-json\/wp\/v2\/types\/page"}],"author":[{"embeddable":true,"href":"https:\/\/betagrading.com\/es_es\/wp-json\/wp\/v2\/users\/2"}],"replies":[{"embeddable":true,"href":"https:\/\/betagrading.com\/es_es\/wp-json\/wp\/v2\/comments?post=8793"}],"version-history":[{"count":5,"href":"https:\/\/betagrading.com\/es_es\/wp-json\/wp\/v2\/pages\/8793\/revisions"}],"predecessor-version":[{"id":8802,"href":"https:\/\/betagrading.com\/es_es\/wp-json\/wp\/v2\/pages\/8793\/revisions\/8802"}],"wp:featuredmedia":[{"embeddable":true,"href":"https:\/\/betagrading.com\/es_es\/wp-json\/wp\/v2\/media\/4106"}],"wp:attachment":[{"href":"https:\/\/betagrading.com\/es_es\/wp-json\/wp\/v2\/media?parent=8793"}],"curies":[{"name":"wp","href":"https:\/\/api.w.org\/{rel}","templated":true}]}}