{"id":9174,"date":"2024-09-17T09:23:02","date_gmt":"2024-09-17T08:23:02","guid":{"rendered":"https:\/\/betagrading.com\/?page_id=9174"},"modified":"2026-03-16T11:06:08","modified_gmt":"2026-03-16T10:06:08","slug":"precios","status":"publish","type":"page","link":"https:\/\/betagrading.com\/es_es\/precios\/","title":{"rendered":"Precios"},"content":{"rendered":"\t\t<div data-elementor-type=\"wp-page\" data-elementor-id=\"9174\" class=\"elementor elementor-9174\" data-elementor-post-type=\"page\">\n\t\t\t\t\t\t<section class=\"elementor-section elementor-top-section elementor-element elementor-element-ffbf212 elementor-section-boxed elementor-section-height-default elementor-section-height-default\" data-id=\"ffbf212\" data-element_type=\"section\">\n\t\t\t\t\t\t<div class=\"elementor-container elementor-column-gap-default\">\n\t\t\t\t\t<div class=\"elementor-column elementor-col-100 elementor-top-column elementor-element elementor-element-fe054e1\" data-id=\"fe054e1\" data-element_type=\"column\">\n\t\t\t<div class=\"elementor-widget-wrap elementor-element-populated\">\n\t\t\t\t\t\t<div class=\"elementor-element elementor-element-a94d9d6 elementor-widget elementor-widget-image\" data-id=\"a94d9d6\" data-element_type=\"widget\" data-no-translation=\"\" data-widget_type=\"image.default\">\n\t\t\t\t<div class=\"elementor-widget-container\">\n\t\t\t<style>\/*! elementor - v3.23.0 - 23-07-2024 *\/\n.elementor-widget-image{text-align:center}.elementor-widget-image a{display:inline-block}.elementor-widget-image a img[src$=\".svg\"]{width:48px}.elementor-widget-image img{vertical-align:middle;display:inline-block}<\/style>\t\t\t\t\t\t\t\t\t\t<img fetchpriority=\"high\" decoding=\"async\" width=\"1920\" height=\"1080\" src=\"https:\/\/betagrading.com\/wp-content\/uploads\/2026\/03\/listado_precios.png\" class=\"attachment-full size-full wp-image-18943\" alt=\"\" srcset=\"https:\/\/betagrading.com\/wp-content\/uploads\/2026\/03\/listado_precios.png 1920w, https:\/\/betagrading.com\/wp-content\/uploads\/2026\/03\/listado_precios-300x169.png 300w, https:\/\/betagrading.com\/wp-content\/uploads\/2026\/03\/listado_precios-1024x576.png 1024w, https:\/\/betagrading.com\/wp-content\/uploads\/2026\/03\/listado_precios-768x432.png 768w, https:\/\/betagrading.com\/wp-content\/uploads\/2026\/03\/listado_precios-1536x864.png 1536w, https:\/\/betagrading.com\/wp-content\/uploads\/2026\/03\/listado_precios-18x10.png 18w, https:\/\/betagrading.com\/wp-content\/uploads\/2026\/03\/listado_precios-600x338.png 600w\" sizes=\"(max-width: 1920px) 100vw, 1920px\" \/>\t\t\t\t\t\t\t\t\t\t\t\t\t<\/div>\n\t\t\t\t<\/div>\n\t\t\t\t<div class=\"elementor-element elementor-element-48279ba elementor-widget elementor-widget-image\" data-id=\"48279ba\" data-element_type=\"widget\" data-no-translation=\"\" data-widget_type=\"image.default\">\n\t\t\t\t<div class=\"elementor-widget-container\">\n\t\t\t<style>.elementor-element-48279ba{display:none !important}<\/style>\t\t<\/div>\n\t\t\t\t<\/div>\n\t\t\t\t\t<\/div>\n\t\t<\/div>\n\t\t\t\t\t<\/div>\n\t\t<\/section>\n\t\t\t\t<\/div>\n\t\t","protected":false},"excerpt":{"rendered":"","protected":false},"author":120,"featured_media":4106,"parent":0,"menu_order":0,"comment_status":"closed","ping_status":"closed","template":"","meta":{"inline_featured_image":false,"footnotes":""},"class_list":["post-9174","page","type-page","status-publish","has-post-thumbnail","hentry"],"yoast_head":"<!-- This site is optimized with the Yoast SEO plugin v23.1 - https:\/\/yoast.com\/wordpress\/plugins\/seo\/ -->\n<title>Betagrading | Servicio profesional de graduaci\u00f3n, certificaci\u00f3n y protecci\u00f3n de videojuegos | Precios<\/title>\n<meta name=\"description\" content=\"Betagrading ofrece su servicio de graduaci\u00f3n, preservaci\u00f3n y certificaci\u00f3n para todo tipo de coleccionistas y aficionados a los videojuegos sin importar su condici\u00f3n. Consolas, accesorios, gu\u00edas y juegos. Nuevos y usados.Nintendo, Sega, Playstation, Xbox, Neo-Geo, Pc-Engine, etc.El estado se mide, la nostalgia se cuida.\" \/>\n<meta name=\"robots\" content=\"index, follow, max-snippet:-1, max-image-preview:large, max-video-preview:-1\" \/>\n<link rel=\"canonical\" href=\"https:\/\/betagrading.com\/es_es\/precios\/\" \/>\n<meta property=\"og:locale\" content=\"es_ES\" \/>\n<meta property=\"og:type\" content=\"article\" \/>\n<meta property=\"og:title\" content=\"Betagrading | Servicio profesional de graduaci\u00f3n, certificaci\u00f3n y protecci\u00f3n de videojuegos | Precios\" \/>\n<meta property=\"og:description\" content=\"Betagrading ofrece su servicio de graduaci\u00f3n, preservaci\u00f3n y certificaci\u00f3n para todo tipo de coleccionistas y aficionados a los videojuegos sin importar su condici\u00f3n. Consolas, accesorios, gu\u00edas y juegos. Nuevos y usados.Nintendo, Sega, Playstation, Xbox, Neo-Geo, Pc-Engine, etc.El estado se mide, la nostalgia se cuida.\" \/>\n<meta property=\"og:url\" content=\"https:\/\/betagrading.com\/es_es\/precios\/\" \/>\n<meta property=\"og:site_name\" content=\"BetaGrading\" \/>\n<meta property=\"article:publisher\" content=\"https:\/\/www.facebook.com\/profile.php?id=100091700487000\" \/>\n<meta property=\"article:modified_time\" content=\"2026-03-16T10:06:08+00:00\" \/>\n<meta property=\"og:image\" content=\"https:\/\/betagrading.com\/wp-content\/uploads\/2023\/04\/Betagrading-1200-\u00d7-675-px.png\" \/>\n\t<meta property=\"og:image:width\" content=\"1200\" \/>\n\t<meta property=\"og:image:height\" content=\"675\" \/>\n\t<meta property=\"og:image:type\" content=\"image\/png\" \/>\n<meta name=\"twitter:card\" content=\"summary_large_image\" \/>\n<meta name=\"twitter:site\" content=\"@betagrading\" \/>\n<meta name=\"twitter:label1\" content=\"Tiempo de lectura\" \/>\n\t<meta name=\"twitter:data1\" content=\"1 minuto\" \/>\n<script type=\"application\/ld+json\" class=\"yoast-schema-graph\">{\"@context\":\"https:\/\/schema.org\",\"@graph\":[{\"@type\":\"WebPage\",\"@id\":\"https:\/\/betagrading.com\/precios\/\",\"url\":\"https:\/\/betagrading.com\/precios\/\",\"name\":\"Betagrading | Servicio profesional de graduaci\u00f3n, certificaci\u00f3n y protecci\u00f3n de videojuegos | Precios\",\"isPartOf\":{\"@id\":\"https:\/\/betagrading.com\/#website\"},\"primaryImageOfPage\":{\"@id\":\"https:\/\/betagrading.com\/precios\/#primaryimage\"},\"image\":{\"@id\":\"https:\/\/betagrading.com\/precios\/#primaryimage\"},\"thumbnailUrl\":\"https:\/\/betagrading.com\/wp-content\/uploads\/2023\/04\/Betagrading-1200-\u00d7-675-px.png\",\"datePublished\":\"2024-09-17T08:23:02+00:00\",\"dateModified\":\"2026-03-16T10:06:08+00:00\",\"description\":\"Betagrading ofrece su servicio de graduaci\u00f3n, preservaci\u00f3n y certificaci\u00f3n para todo tipo de coleccionistas y aficionados a los videojuegos sin importar su condici\u00f3n. Consolas, accesorios, gu\u00edas y juegos. Nuevos y usados.Nintendo, Sega, Playstation, Xbox, Neo-Geo, Pc-Engine, etc.El estado se mide, la nostalgia se cuida.\",\"breadcrumb\":{\"@id\":\"https:\/\/betagrading.com\/precios\/#breadcrumb\"},\"inLanguage\":\"es\",\"potentialAction\":[{\"@type\":\"ReadAction\",\"target\":[\"https:\/\/betagrading.com\/precios\/\"]}]},{\"@type\":\"ImageObject\",\"inLanguage\":\"es\",\"@id\":\"https:\/\/betagrading.com\/precios\/#primaryimage\",\"url\":\"https:\/\/betagrading.com\/wp-content\/uploads\/2023\/04\/Betagrading-1200-\u00d7-675-px.png\",\"contentUrl\":\"https:\/\/betagrading.com\/wp-content\/uploads\/2023\/04\/Betagrading-1200-\u00d7-675-px.png\",\"width\":1200,\"height\":675,\"caption\":\"Betagrading | Servicio de graduaci\u00f3n, certificaci\u00f3n y protecci\u00f3n de videojuegos.\"},{\"@type\":\"BreadcrumbList\",\"@id\":\"https:\/\/betagrading.com\/precios\/#breadcrumb\",\"itemListElement\":[{\"@type\":\"ListItem\",\"position\":1,\"name\":\"Portada\",\"item\":\"https:\/\/betagrading.com\/es_es\/\"},{\"@type\":\"ListItem\",\"position\":2,\"name\":\"Precios\"}]},{\"@type\":\"WebSite\",\"@id\":\"https:\/\/betagrading.com\/#website\",\"url\":\"https:\/\/betagrading.com\/\",\"name\":\"Betagrading\",\"description\":\"Betagrading ofrece su servicio de graduaci\u00f3n, preservaci\u00f3n y certificaci\u00f3n para todo tipo de coleccionistas y aficionados a los videojuegos sin importar su condici\u00f3n. Consolas, accesorios, gu\u00edas y juegos. Nuevos y usados. Nintendo, Sega, Playstation, Xbox, Neo-Geo, Pc-Engine, etc. El estado se mide, la nostalgia se cuida.\",\"publisher\":{\"@id\":\"https:\/\/betagrading.com\/#organization\"},\"potentialAction\":[{\"@type\":\"SearchAction\",\"target\":{\"@type\":\"EntryPoint\",\"urlTemplate\":\"https:\/\/betagrading.com\/?s={search_term_string}\"},\"query-input\":\"required name=search_term_string\"}],\"inLanguage\":\"es\"},{\"@type\":\"Organization\",\"@id\":\"https:\/\/betagrading.com\/#organization\",\"name\":\"Betagrading\",\"url\":\"https:\/\/betagrading.com\/\",\"logo\":{\"@type\":\"ImageObject\",\"inLanguage\":\"es\",\"@id\":\"https:\/\/betagrading.com\/#\/schema\/logo\/image\/\",\"url\":\"https:\/\/betagrading.com\/wp-content\/uploads\/2023\/04\/betagrading.png\",\"contentUrl\":\"https:\/\/betagrading.com\/wp-content\/uploads\/2023\/04\/betagrading.png\",\"width\":600,\"height\":300,\"caption\":\"Betagrading\"},\"image\":{\"@id\":\"https:\/\/betagrading.com\/#\/schema\/logo\/image\/\"},\"sameAs\":[\"https:\/\/www.facebook.com\/profile.php?id=100091700487000\",\"https:\/\/x.com\/betagrading\",\"https:\/\/www.tiktok.com\/@betagrading_com?_t=8bjaH8Ghc2V&_r=1\",\"https:\/\/instagram.com\/betagrading\",\"https:\/\/www.youtube.com\/channel\/UCK_ATpBu2ryCBtOLqUoXGmQ\"]}]}<\/script>\n<!-- \/ Yoast SEO plugin. -->","yoast_head_json":{"title":"Betagrading | Servicio profesional de graduaci\u00f3n, certificaci\u00f3n y protecci\u00f3n de videojuegos | Precios","description":"Betagrading ofrece su servicio de graduaci\u00f3n, preservaci\u00f3n y certificaci\u00f3n para todo tipo de coleccionistas y aficionados a los videojuegos sin importar su condici\u00f3n. Consolas, accesorios, gu\u00edas y juegos. Nuevos y usados.Nintendo, Sega, Playstation, Xbox, Neo-Geo, Pc-Engine, etc.El estado se mide, la nostalgia se cuida.","robots":{"index":"index","follow":"follow","max-snippet":"max-snippet:-1","max-image-preview":"max-image-preview:large","max-video-preview":"max-video-preview:-1"},"canonical":"https:\/\/betagrading.com\/es_es\/precios\/","og_locale":"es_ES","og_type":"article","og_title":"Betagrading | Servicio profesional de graduaci\u00f3n, certificaci\u00f3n y protecci\u00f3n de videojuegos | Precios","og_description":"Betagrading ofrece su servicio de graduaci\u00f3n, preservaci\u00f3n y certificaci\u00f3n para todo tipo de coleccionistas y aficionados a los videojuegos sin importar su condici\u00f3n. Consolas, accesorios, gu\u00edas y juegos. Nuevos y usados.Nintendo, Sega, Playstation, Xbox, Neo-Geo, Pc-Engine, etc.El estado se mide, la nostalgia se cuida.","og_url":"https:\/\/betagrading.com\/es_es\/precios\/","og_site_name":"BetaGrading","article_publisher":"https:\/\/www.facebook.com\/profile.php?id=100091700487000","article_modified_time":"2026-03-16T10:06:08+00:00","og_image":[{"width":1200,"height":675,"url":"https:\/\/betagrading.com\/wp-content\/uploads\/2023\/04\/Betagrading-1200-\u00d7-675-px.png","type":"image\/png"}],"twitter_card":"summary_large_image","twitter_site":"@betagrading","twitter_misc":{"Tiempo de lectura":"1 minuto"},"schema":{"@context":"https:\/\/schema.org","@graph":[{"@type":"WebPage","@id":"https:\/\/betagrading.com\/precios\/","url":"https:\/\/betagrading.com\/precios\/","name":"Betagrading | Servicio profesional de graduaci\u00f3n, certificaci\u00f3n y protecci\u00f3n de videojuegos | Precios","isPartOf":{"@id":"https:\/\/betagrading.com\/#website"},"primaryImageOfPage":{"@id":"https:\/\/betagrading.com\/precios\/#primaryimage"},"image":{"@id":"https:\/\/betagrading.com\/precios\/#primaryimage"},"thumbnailUrl":"https:\/\/betagrading.com\/wp-content\/uploads\/2023\/04\/Betagrading-1200-\u00d7-675-px.png","datePublished":"2024-09-17T08:23:02+00:00","dateModified":"2026-03-16T10:06:08+00:00","description":"Betagrading ofrece su servicio de graduaci\u00f3n, preservaci\u00f3n y certificaci\u00f3n para todo tipo de coleccionistas y aficionados a los videojuegos sin importar su condici\u00f3n. Consolas, accesorios, gu\u00edas y juegos. Nuevos y usados.Nintendo, Sega, Playstation, Xbox, Neo-Geo, Pc-Engine, etc.El estado se mide, la nostalgia se cuida.","breadcrumb":{"@id":"https:\/\/betagrading.com\/precios\/#breadcrumb"},"inLanguage":"es","potentialAction":[{"@type":"ReadAction","target":["https:\/\/betagrading.com\/precios\/"]}]},{"@type":"ImageObject","inLanguage":"es","@id":"https:\/\/betagrading.com\/precios\/#primaryimage","url":"https:\/\/betagrading.com\/wp-content\/uploads\/2023\/04\/Betagrading-1200-\u00d7-675-px.png","contentUrl":"https:\/\/betagrading.com\/wp-content\/uploads\/2023\/04\/Betagrading-1200-\u00d7-675-px.png","width":1200,"height":675,"caption":"Betagrading | Servicio de graduaci\u00f3n, certificaci\u00f3n y protecci\u00f3n de videojuegos."},{"@type":"BreadcrumbList","@id":"https:\/\/betagrading.com\/precios\/#breadcrumb","itemListElement":[{"@type":"ListItem","position":1,"name":"Portada","item":"https:\/\/betagrading.com\/es_es\/"},{"@type":"ListItem","position":2,"name":"Precios"}]},{"@type":"WebSite","@id":"https:\/\/betagrading.com\/#website","url":"https:\/\/betagrading.com\/","name":"Betagrading","description":"Betagrading ofrece su servicio de graduaci\u00f3n, preservaci\u00f3n y certificaci\u00f3n para todo tipo de coleccionistas y aficionados a los videojuegos sin importar su condici\u00f3n. Consolas, accesorios, gu\u00edas y juegos. Nuevos y usados. Nintendo, Sega, Playstation, Xbox, Neo-Geo, Pc-Engine, etc. El estado se mide, la nostalgia se cuida.","publisher":{"@id":"https:\/\/betagrading.com\/#organization"},"potentialAction":[{"@type":"SearchAction","target":{"@type":"EntryPoint","urlTemplate":"https:\/\/betagrading.com\/?s={search_term_string}"},"query-input":"required name=search_term_string"}],"inLanguage":"es"},{"@type":"Organization","@id":"https:\/\/betagrading.com\/#organization","name":"Betagrading","url":"https:\/\/betagrading.com\/","logo":{"@type":"ImageObject","inLanguage":"es","@id":"https:\/\/betagrading.com\/#\/schema\/logo\/image\/","url":"https:\/\/betagrading.com\/wp-content\/uploads\/2023\/04\/betagrading.png","contentUrl":"https:\/\/betagrading.com\/wp-content\/uploads\/2023\/04\/betagrading.png","width":600,"height":300,"caption":"Betagrading"},"image":{"@id":"https:\/\/betagrading.com\/#\/schema\/logo\/image\/"},"sameAs":["https:\/\/www.facebook.com\/profile.php?id=100091700487000","https:\/\/x.com\/betagrading","https:\/\/www.tiktok.com\/@betagrading_com?_t=8bjaH8Ghc2V&_r=1","https:\/\/instagram.com\/betagrading","https:\/\/www.youtube.com\/channel\/UCK_ATpBu2ryCBtOLqUoXGmQ"]}]}},"_links":{"self":[{"href":"https:\/\/betagrading.com\/es_es\/wp-json\/wp\/v2\/pages\/9174","targetHints":{"allow":["GET"]}}],"collection":[{"href":"https:\/\/betagrading.com\/es_es\/wp-json\/wp\/v2\/pages"}],"about":[{"href":"https:\/\/betagrading.com\/es_es\/wp-json\/wp\/v2\/types\/page"}],"author":[{"embeddable":true,"href":"https:\/\/betagrading.com\/es_es\/wp-json\/wp\/v2\/users\/120"}],"replies":[{"embeddable":true,"href":"https:\/\/betagrading.com\/es_es\/wp-json\/wp\/v2\/comments?post=9174"}],"version-history":[{"count":19,"href":"https:\/\/betagrading.com\/es_es\/wp-json\/wp\/v2\/pages\/9174\/revisions"}],"predecessor-version":[{"id":18948,"href":"https:\/\/betagrading.com\/es_es\/wp-json\/wp\/v2\/pages\/9174\/revisions\/18948"}],"wp:featuredmedia":[{"embeddable":true,"href":"https:\/\/betagrading.com\/es_es\/wp-json\/wp\/v2\/media\/4106"}],"wp:attachment":[{"href":"https:\/\/betagrading.com\/es_es\/wp-json\/wp\/v2\/media?parent=9174"}],"curies":[{"name":"wp","href":"https:\/\/api.w.org\/{rel}","templated":true}]}}